{"id":16408,"date":"2023-11-06T14:03:32","date_gmt":"2023-11-06T13:03:32","guid":{"rendered":"https:\/\/www.herranydiez.com\/?post_type=product&#038;p=16408"},"modified":"2024-08-06T11:43:52","modified_gmt":"2024-08-06T09:43:52","slug":"high-pressure-dosing-guns-for-liquid-paste","status":"publish","type":"product","link":"https:\/\/www.herranydiez.com\/en\/pastas-y-discos-para-pulir\/additional-products\/high-pressure-dosing-guns-for-liquid-paste\/","title":{"rendered":"High pressure dosing guns for liquid paste"},"content":{"rendered":"","protected":false},"excerpt":{"rendered":"<h3>HDP Gun &#8211; Spare parts list<\/h3>\n<p>REF 0 20-45-65-95-120 NOZZLES<br \/>\n REF 1 BODY<br \/>\n REF 10 TUBE<br \/>\n REF 11 PLUG NUT<br \/>\n REF 12 CYLINDER FLANGE<br \/>\n REF 13 SPRING PLATE<br \/>\n REF 14 COMPRESSION SPRING<br \/>\n REF 15 CERAMIC PISTON<br \/>\nREF 16 CYLINDER<br \/>\n REF 17 \/ 17 a PLUG NUT<br \/>\n REF 18 CYLINDER HEAD<br \/>\n REF 19 BUSHING<br \/>\n REF 2 GUIDE BUSHING<br \/>\nREF 20 NUT<br \/>\nREF 21 BUSHING<br \/>\nREF 22 SPINDLE NUT REF 24 CHECK VALVE<br \/>\n REF 29 WIDIA PLATE<br \/>\nREF 3 A THREADED SLEEVE<br \/>\nREF 3 THREADED SLEEVE<br \/>\nREF 31 LADURA<br \/>\n REF 32,33 .84 PURGE<br \/>\nREF 35 TUBE<br \/>\nREF 4 PRESSURE SCREW<br \/>\nREF 5 SPRING PLATE<br \/>\nREF 6 SPRING<br \/>\nREF 60 THREADED PIN<br \/>\nREF 61 O-RING<br \/>\nREF 62 VULKOLLAN RING<br \/>\nREF 63 PROTECTION CAP<br \/>\nREF 65 NUT<br \/>\nREF 66 LARGE VULKOLLAN RING<br \/>\nREF 67 OR ALUMINUM<br \/>\nREF 68 PISTON COMPLETE<br \/>\nREF 69 SCREW<br \/>\nREF 70 O-RING<br \/>\nREF 71.72 O-RING<br \/>\nREF 78 SPINDLE<br \/>\nREF 8 NEEDLES<br \/>\nREF 81 SCREW FITTING<br \/>\nREF 82 STEP KEY<br \/>\nREF 86 SAFETY RING<br \/>\nREF 8-A NEEDLE CROSS<br \/>\nREF 9 KNURLED NUT<br \/>\n<img loading=\"lazy\" decoding=\"async\" class=\"alignnone wp-image-15924 size-full\" src=\"https:\/\/www.herranydiez.com\/wp-content\/uploads\/2023\/11\/pistolas-alta-presion_2.jpg\" alt=\"\" width=\"605\" height=\"1181\" srcset=\"https:\/\/www.herranydiez.com\/wp-content\/uploads\/2023\/11\/pistolas-alta-presion_2.jpg 605w, https:\/\/www.herranydiez.com\/wp-content\/uploads\/2023\/11\/pistolas-alta-presion_2-350x683.jpg 350w, https:\/\/www.herranydiez.com\/wp-content\/uploads\/2023\/11\/pistolas-alta-presion_2-154x300.jpg 154w, https:\/\/www.herranydiez.com\/wp-content\/uploads\/2023\/11\/pistolas-alta-presion_2-525x1024.jpg 525w\" sizes=\"auto, (max-width: 605px) 100vw, 605px\" \/><\/p>\n","protected":false},"featured_media":16241,"template":"","meta":[],"product_brand":[],"product_cat":[101],"product_tag":[],"class_list":{"0":"post-16408","1":"product","2":"type-product","3":"status-publish","4":"has-post-thumbnail","6":"product_cat-additional-products","7":"description-off","9":"first","10":"instock","11":"shipping-taxable","12":"product-type-simple"},"yoast_head":"<!-- This site is optimized with the Yoast SEO plugin v27.5 - https:\/\/yoast.com\/product\/yoast-seo-wordpress\/ -->\n<title>High pressure dosing guns for liquid paste - Tierras Industriales HERRAN Y DIEZ<\/title>\n<meta name=\"robots\" content=\"index, follow, max-snippet:-1, max-image-preview:large, max-video-preview:-1\" \/>\n<link rel=\"canonical\" href=\"https:\/\/www.herranydiez.com\/en\/pastas-y-discos-para-pulir\/additional-products\/high-pressure-dosing-guns-for-liquid-paste\/\" \/>\n<meta property=\"og:locale\" content=\"en_US\" \/>\n<meta property=\"og:type\" content=\"article\" \/>\n<meta property=\"og:title\" content=\"High pressure dosing guns for liquid paste - Tierras Industriales HERRAN Y DIEZ\" \/>\n<meta property=\"og:description\" content=\"HDP Gun - Spare parts list REF 0 20-45-65-95-120 NOZZLES  REF 1 BODY  REF 10 TUBE  REF 11 PLUG NUT  REF 12 CYLINDER FLANGE  REF 13 SPRING PLATE  REF 14 COMPRESSION SPRING  REF 15 CERAMIC PISTON REF 16 CYLINDER  REF 17 \/ 17 a PLUG NUT  REF 18 CYLINDER HEAD  REF 19 BUSHING  REF 2 GUIDE BUSHING REF 20 NUT  REF 21 BUSHING  REF 22 SPINDLE NUT REF 24 CHECK VALVE  REF 29 WIDIA PLATE  REF 3 A THREADED SLEEVE  REF 3 THREADED SLEEVE  REF 31 LADURA  REF 32,33 .84 PURGE  REF 35 TUBE  REF 4 PRESSURE SCREW  REF 5 SPRING PLATE REF 6 SPRING  REF 60 THREADED PIN REF 61 O-RING  REF 62 VULKOLLAN RING  REF 63 PROTECTION CAP REF 65 NUT REF 66 LARGE VULKOLLAN RING  REF 67 OR ALUMINUM  REF 68 PISTON COMPLETE REF 69 SCREW  REF 70 O-RING  REF 71.72 O-RING REF 78 SPINDLE  REF 8 NEEDLES  REF 81 SCREW FITTING  REF 82 STEP KEY  REF 86 SAFETY RING  REF 8-A NEEDLE CROSS REF 9 KNURLED NUT\" \/>\n<meta property=\"og:url\" content=\"https:\/\/www.herranydiez.com\/en\/pastas-y-discos-para-pulir\/additional-products\/high-pressure-dosing-guns-for-liquid-paste\/\" \/>\n<meta property=\"og:site_name\" content=\"Tierras Industriales HERRAN Y DIEZ\" \/>\n<meta property=\"article:modified_time\" content=\"2024-08-06T09:43:52+00:00\" \/>\n<meta property=\"og:image\" content=\"https:\/\/www.herranydiez.com\/wp-content\/uploads\/2023\/11\/pistolas-alta-presion.jpg\" \/>\n\t<meta property=\"og:image:width\" content=\"349\" \/>\n\t<meta property=\"og:image:height\" content=\"262\" \/>\n\t<meta property=\"og:image:type\" content=\"image\/jpeg\" \/>\n<meta name=\"twitter:card\" content=\"summary_large_image\" \/>\n<meta name=\"twitter:label1\" content=\"Est. reading time\" \/>\n\t<meta name=\"twitter:data1\" content=\"1 minute\" \/>\n<script type=\"application\/ld+json\" class=\"yoast-schema-graph\">{\"@context\":\"https:\\\/\\\/schema.org\",\"@graph\":[{\"@type\":\"WebPage\",\"@id\":\"https:\\\/\\\/www.herranydiez.com\\\/en\\\/pastas-y-discos-para-pulir\\\/additional-products\\\/high-pressure-dosing-guns-for-liquid-paste\\\/\",\"url\":\"https:\\\/\\\/www.herranydiez.com\\\/en\\\/pastas-y-discos-para-pulir\\\/additional-products\\\/high-pressure-dosing-guns-for-liquid-paste\\\/\",\"name\":\"High pressure dosing guns for liquid paste - Tierras Industriales HERRAN Y DIEZ\",\"isPartOf\":{\"@id\":\"https:\\\/\\\/www.herranydiez.com\\\/en\\\/#website\"},\"primaryImageOfPage\":{\"@id\":\"https:\\\/\\\/www.herranydiez.com\\\/en\\\/pastas-y-discos-para-pulir\\\/additional-products\\\/high-pressure-dosing-guns-for-liquid-paste\\\/#primaryimage\"},\"image\":{\"@id\":\"https:\\\/\\\/www.herranydiez.com\\\/en\\\/pastas-y-discos-para-pulir\\\/additional-products\\\/high-pressure-dosing-guns-for-liquid-paste\\\/#primaryimage\"},\"thumbnailUrl\":\"https:\\\/\\\/www.herranydiez.com\\\/wp-content\\\/uploads\\\/2023\\\/11\\\/pistolas-alta-presion.jpg\",\"datePublished\":\"2023-11-06T13:03:32+00:00\",\"dateModified\":\"2024-08-06T09:43:52+00:00\",\"breadcrumb\":{\"@id\":\"https:\\\/\\\/www.herranydiez.com\\\/en\\\/pastas-y-discos-para-pulir\\\/additional-products\\\/high-pressure-dosing-guns-for-liquid-paste\\\/#breadcrumb\"},\"inLanguage\":\"en-US\",\"potentialAction\":[{\"@type\":\"ReadAction\",\"target\":[\"https:\\\/\\\/www.herranydiez.com\\\/en\\\/pastas-y-discos-para-pulir\\\/additional-products\\\/high-pressure-dosing-guns-for-liquid-paste\\\/\"]}]},{\"@type\":\"ImageObject\",\"inLanguage\":\"en-US\",\"@id\":\"https:\\\/\\\/www.herranydiez.com\\\/en\\\/pastas-y-discos-para-pulir\\\/additional-products\\\/high-pressure-dosing-guns-for-liquid-paste\\\/#primaryimage\",\"url\":\"https:\\\/\\\/www.herranydiez.com\\\/wp-content\\\/uploads\\\/2023\\\/11\\\/pistolas-alta-presion.jpg\",\"contentUrl\":\"https:\\\/\\\/www.herranydiez.com\\\/wp-content\\\/uploads\\\/2023\\\/11\\\/pistolas-alta-presion.jpg\",\"width\":349,\"height\":262},{\"@type\":\"BreadcrumbList\",\"@id\":\"https:\\\/\\\/www.herranydiez.com\\\/en\\\/pastas-y-discos-para-pulir\\\/additional-products\\\/high-pressure-dosing-guns-for-liquid-paste\\\/#breadcrumb\",\"itemListElement\":[{\"@type\":\"ListItem\",\"position\":1,\"name\":\"Portada\",\"item\":\"https:\\\/\\\/www.herranydiez.com\\\/en\\\/\"},{\"@type\":\"ListItem\",\"position\":2,\"name\":\"Pastes and polisishing discs\",\"item\":\"https:\\\/\\\/www.herranydiez.com\\\/en\\\/pastes-and-polisishing-discs\\\/\"},{\"@type\":\"ListItem\",\"position\":3,\"name\":\"High pressure dosing guns for liquid paste\"}]},{\"@type\":\"WebSite\",\"@id\":\"https:\\\/\\\/www.herranydiez.com\\\/en\\\/#website\",\"url\":\"https:\\\/\\\/www.herranydiez.com\\\/en\\\/\",\"name\":\"Tierras Industriales HERRAN Y DIEZ\",\"description\":\"Especialistas en fabricaci\u00f3n de minerales abrasivos, discos de pulir y pastas para pulir y abrillantar. \u00danico fabricante europeo de mineral de Tr\u00edpoli.\",\"publisher\":{\"@id\":\"https:\\\/\\\/www.herranydiez.com\\\/en\\\/#organization\"},\"alternateName\":\"European Tr\u00edpoli\",\"potentialAction\":[{\"@type\":\"SearchAction\",\"target\":{\"@type\":\"EntryPoint\",\"urlTemplate\":\"https:\\\/\\\/www.herranydiez.com\\\/en\\\/?s={search_term_string}\"},\"query-input\":{\"@type\":\"PropertyValueSpecification\",\"valueRequired\":true,\"valueName\":\"search_term_string\"}}],\"inLanguage\":\"en-US\"},{\"@type\":\"Organization\",\"@id\":\"https:\\\/\\\/www.herranydiez.com\\\/en\\\/#organization\",\"name\":\"Tierras Industriales HERRAN Y DIEZ\",\"alternateName\":\"Herr\u00e1n y D\u00edez\",\"url\":\"https:\\\/\\\/www.herranydiez.com\\\/en\\\/\",\"logo\":{\"@type\":\"ImageObject\",\"inLanguage\":\"en-US\",\"@id\":\"https:\\\/\\\/www.herranydiez.com\\\/en\\\/#\\\/schema\\\/logo\\\/image\\\/\",\"url\":\"https:\\\/\\\/www.herranydiez.com\\\/wp-content\\\/uploads\\\/2024\\\/06\\\/european-tripoli.jpg\",\"contentUrl\":\"https:\\\/\\\/www.herranydiez.com\\\/wp-content\\\/uploads\\\/2024\\\/06\\\/european-tripoli.jpg\",\"width\":696,\"height\":696,\"caption\":\"Tierras Industriales HERRAN Y DIEZ\"},\"image\":{\"@id\":\"https:\\\/\\\/www.herranydiez.com\\\/en\\\/#\\\/schema\\\/logo\\\/image\\\/\"}}]}<\/script>\n<!-- \/ Yoast SEO plugin. -->","yoast_head_json":{"title":"High pressure dosing guns for liquid paste - Tierras Industriales HERRAN Y DIEZ","robots":{"index":"index","follow":"follow","max-snippet":"max-snippet:-1","max-image-preview":"max-image-preview:large","max-video-preview":"max-video-preview:-1"},"canonical":"https:\/\/www.herranydiez.com\/en\/pastas-y-discos-para-pulir\/additional-products\/high-pressure-dosing-guns-for-liquid-paste\/","og_locale":"en_US","og_type":"article","og_title":"High pressure dosing guns for liquid paste - Tierras Industriales HERRAN Y DIEZ","og_description":"HDP Gun - Spare parts list REF 0 20-45-65-95-120 NOZZLES  REF 1 BODY  REF 10 TUBE  REF 11 PLUG NUT  REF 12 CYLINDER FLANGE  REF 13 SPRING PLATE  REF 14 COMPRESSION SPRING  REF 15 CERAMIC PISTON REF 16 CYLINDER  REF 17 \/ 17 a PLUG NUT  REF 18 CYLINDER HEAD  REF 19 BUSHING  REF 2 GUIDE BUSHING REF 20 NUT  REF 21 BUSHING  REF 22 SPINDLE NUT REF 24 CHECK VALVE  REF 29 WIDIA PLATE  REF 3 A THREADED SLEEVE  REF 3 THREADED SLEEVE  REF 31 LADURA  REF 32,33 .84 PURGE  REF 35 TUBE  REF 4 PRESSURE SCREW  REF 5 SPRING PLATE REF 6 SPRING  REF 60 THREADED PIN REF 61 O-RING  REF 62 VULKOLLAN RING  REF 63 PROTECTION CAP REF 65 NUT REF 66 LARGE VULKOLLAN RING  REF 67 OR ALUMINUM  REF 68 PISTON COMPLETE REF 69 SCREW  REF 70 O-RING  REF 71.72 O-RING REF 78 SPINDLE  REF 8 NEEDLES  REF 81 SCREW FITTING  REF 82 STEP KEY  REF 86 SAFETY RING  REF 8-A NEEDLE CROSS REF 9 KNURLED NUT","og_url":"https:\/\/www.herranydiez.com\/en\/pastas-y-discos-para-pulir\/additional-products\/high-pressure-dosing-guns-for-liquid-paste\/","og_site_name":"Tierras Industriales HERRAN Y DIEZ","article_modified_time":"2024-08-06T09:43:52+00:00","og_image":[{"width":349,"height":262,"url":"https:\/\/www.herranydiez.com\/wp-content\/uploads\/2023\/11\/pistolas-alta-presion.jpg","type":"image\/jpeg"}],"twitter_card":"summary_large_image","twitter_misc":{"Est. reading time":"1 minute"},"schema":{"@context":"https:\/\/schema.org","@graph":[{"@type":"WebPage","@id":"https:\/\/www.herranydiez.com\/en\/pastas-y-discos-para-pulir\/additional-products\/high-pressure-dosing-guns-for-liquid-paste\/","url":"https:\/\/www.herranydiez.com\/en\/pastas-y-discos-para-pulir\/additional-products\/high-pressure-dosing-guns-for-liquid-paste\/","name":"High pressure dosing guns for liquid paste - Tierras Industriales HERRAN Y DIEZ","isPartOf":{"@id":"https:\/\/www.herranydiez.com\/en\/#website"},"primaryImageOfPage":{"@id":"https:\/\/www.herranydiez.com\/en\/pastas-y-discos-para-pulir\/additional-products\/high-pressure-dosing-guns-for-liquid-paste\/#primaryimage"},"image":{"@id":"https:\/\/www.herranydiez.com\/en\/pastas-y-discos-para-pulir\/additional-products\/high-pressure-dosing-guns-for-liquid-paste\/#primaryimage"},"thumbnailUrl":"https:\/\/www.herranydiez.com\/wp-content\/uploads\/2023\/11\/pistolas-alta-presion.jpg","datePublished":"2023-11-06T13:03:32+00:00","dateModified":"2024-08-06T09:43:52+00:00","breadcrumb":{"@id":"https:\/\/www.herranydiez.com\/en\/pastas-y-discos-para-pulir\/additional-products\/high-pressure-dosing-guns-for-liquid-paste\/#breadcrumb"},"inLanguage":"en-US","potentialAction":[{"@type":"ReadAction","target":["https:\/\/www.herranydiez.com\/en\/pastas-y-discos-para-pulir\/additional-products\/high-pressure-dosing-guns-for-liquid-paste\/"]}]},{"@type":"ImageObject","inLanguage":"en-US","@id":"https:\/\/www.herranydiez.com\/en\/pastas-y-discos-para-pulir\/additional-products\/high-pressure-dosing-guns-for-liquid-paste\/#primaryimage","url":"https:\/\/www.herranydiez.com\/wp-content\/uploads\/2023\/11\/pistolas-alta-presion.jpg","contentUrl":"https:\/\/www.herranydiez.com\/wp-content\/uploads\/2023\/11\/pistolas-alta-presion.jpg","width":349,"height":262},{"@type":"BreadcrumbList","@id":"https:\/\/www.herranydiez.com\/en\/pastas-y-discos-para-pulir\/additional-products\/high-pressure-dosing-guns-for-liquid-paste\/#breadcrumb","itemListElement":[{"@type":"ListItem","position":1,"name":"Portada","item":"https:\/\/www.herranydiez.com\/en\/"},{"@type":"ListItem","position":2,"name":"Pastes and polisishing discs","item":"https:\/\/www.herranydiez.com\/en\/pastes-and-polisishing-discs\/"},{"@type":"ListItem","position":3,"name":"High pressure dosing guns for liquid paste"}]},{"@type":"WebSite","@id":"https:\/\/www.herranydiez.com\/en\/#website","url":"https:\/\/www.herranydiez.com\/en\/","name":"Tierras Industriales HERRAN Y DIEZ","description":"Especialistas en fabricaci\u00f3n de minerales abrasivos, discos de pulir y pastas para pulir y abrillantar. \u00danico fabricante europeo de mineral de Tr\u00edpoli.","publisher":{"@id":"https:\/\/www.herranydiez.com\/en\/#organization"},"alternateName":"European Tr\u00edpoli","potentialAction":[{"@type":"SearchAction","target":{"@type":"EntryPoint","urlTemplate":"https:\/\/www.herranydiez.com\/en\/?s={search_term_string}"},"query-input":{"@type":"PropertyValueSpecification","valueRequired":true,"valueName":"search_term_string"}}],"inLanguage":"en-US"},{"@type":"Organization","@id":"https:\/\/www.herranydiez.com\/en\/#organization","name":"Tierras Industriales HERRAN Y DIEZ","alternateName":"Herr\u00e1n y D\u00edez","url":"https:\/\/www.herranydiez.com\/en\/","logo":{"@type":"ImageObject","inLanguage":"en-US","@id":"https:\/\/www.herranydiez.com\/en\/#\/schema\/logo\/image\/","url":"https:\/\/www.herranydiez.com\/wp-content\/uploads\/2024\/06\/european-tripoli.jpg","contentUrl":"https:\/\/www.herranydiez.com\/wp-content\/uploads\/2024\/06\/european-tripoli.jpg","width":696,"height":696,"caption":"Tierras Industriales HERRAN Y DIEZ"},"image":{"@id":"https:\/\/www.herranydiez.com\/en\/#\/schema\/logo\/image\/"}}]}},"_links":{"self":[{"href":"https:\/\/www.herranydiez.com\/en\/wp-json\/wp\/v2\/product\/16408","targetHints":{"allow":["GET"]}}],"collection":[{"href":"https:\/\/www.herranydiez.com\/en\/wp-json\/wp\/v2\/product"}],"about":[{"href":"https:\/\/www.herranydiez.com\/en\/wp-json\/wp\/v2\/types\/product"}],"wp:featuredmedia":[{"embeddable":true,"href":"https:\/\/www.herranydiez.com\/en\/wp-json\/wp\/v2\/media\/16241"}],"wp:attachment":[{"href":"https:\/\/www.herranydiez.com\/en\/wp-json\/wp\/v2\/media?parent=16408"}],"wp:term":[{"taxonomy":"product_brand","embeddable":true,"href":"https:\/\/www.herranydiez.com\/en\/wp-json\/wp\/v2\/product_brand?post=16408"},{"taxonomy":"product_cat","embeddable":true,"href":"https:\/\/www.herranydiez.com\/en\/wp-json\/wp\/v2\/product_cat?post=16408"},{"taxonomy":"product_tag","embeddable":true,"href":"https:\/\/www.herranydiez.com\/en\/wp-json\/wp\/v2\/product_tag?post=16408"}],"curies":[{"name":"wp","href":"https:\/\/api.w.org\/{rel}","templated":true}]}}