{"id":16391,"date":"2015-11-29T11:24:57","date_gmt":"2015-11-29T10:24:57","guid":{"rendered":"https:\/\/www.herranydiez.com\/?post_type=product&#038;p=16391"},"modified":"2024-08-06T10:05:14","modified_gmt":"2024-08-06T08:05:14","slug":"hard-sewn-cotton-disc","status":"publish","type":"product","link":"https:\/\/www.herranydiez.com\/en\/pastas-y-discos-para-pulir\/polishing-discs\/cotton\/hard-sewn-cotton-disc\/","title":{"rendered":"Hard Sewn Cotton Disc"},"content":{"rendered":"","protected":false},"excerpt":{"rendered":"<h3>Hard Sewn Cotton Disc<\/h3>\n<p>The <strong>stitching increases the disc\u2019s durability as the fabric,<\/strong> not being cut on the bias, is less resistant.<\/p>\n<p><strong>Shining polish for soft metals<\/strong> (copper, silver), and alloys (brass, zamak).<\/p>\n","protected":false},"featured_media":16085,"template":"","meta":[],"product_brand":[],"product_cat":[95,94],"product_tag":[],"class_list":{"0":"post-16391","1":"product","2":"type-product","3":"status-publish","4":"has-post-thumbnail","6":"product_cat-cotton","7":"product_cat-polishing-discs","8":"description-off","10":"first","11":"instock","12":"shipping-taxable","13":"product-type-simple"},"yoast_head":"<!-- This site is optimized with the Yoast SEO plugin v27.3 - https:\/\/yoast.com\/product\/yoast-seo-wordpress\/ -->\n<title>Hard Sewn Cotton Disc - Tierras Industriales HERRAN Y DIEZ<\/title>\n<meta name=\"robots\" content=\"index, follow, max-snippet:-1, max-image-preview:large, max-video-preview:-1\" \/>\n<link rel=\"canonical\" href=\"https:\/\/www.herranydiez.com\/en\/pastas-y-discos-para-pulir\/polishing-discs\/cotton\/hard-sewn-cotton-disc\/\" \/>\n<meta property=\"og:locale\" content=\"en_US\" \/>\n<meta property=\"og:type\" content=\"article\" \/>\n<meta property=\"og:title\" content=\"Hard Sewn Cotton Disc - Tierras Industriales HERRAN Y DIEZ\" \/>\n<meta property=\"og:description\" content=\"Hard Sewn Cotton Disc The stitching increases the disc\u2019s durability as the fabric, not being cut on the bias, is less resistant.  Shining polish for soft metals (copper, silver), and alloys (brass, zamak).\" \/>\n<meta property=\"og:url\" content=\"https:\/\/www.herranydiez.com\/en\/pastas-y-discos-para-pulir\/polishing-discs\/cotton\/hard-sewn-cotton-disc\/\" \/>\n<meta property=\"og:site_name\" content=\"Tierras Industriales HERRAN Y DIEZ\" \/>\n<meta property=\"article:modified_time\" content=\"2024-08-06T08:05:14+00:00\" \/>\n<meta property=\"og:image\" content=\"https:\/\/www.herranydiez.com\/wp-content\/uploads\/2015\/11\/COSD-600-1.jpg\" \/>\n\t<meta property=\"og:image:width\" content=\"600\" \/>\n\t<meta property=\"og:image:height\" content=\"600\" \/>\n\t<meta property=\"og:image:type\" content=\"image\/jpeg\" \/>\n<meta name=\"twitter:card\" content=\"summary_large_image\" \/>\n<script type=\"application\/ld+json\" class=\"yoast-schema-graph\">{\"@context\":\"https:\\\/\\\/schema.org\",\"@graph\":[{\"@type\":\"WebPage\",\"@id\":\"https:\\\/\\\/www.herranydiez.com\\\/en\\\/pastas-y-discos-para-pulir\\\/polishing-discs\\\/cotton\\\/hard-sewn-cotton-disc\\\/\",\"url\":\"https:\\\/\\\/www.herranydiez.com\\\/en\\\/pastas-y-discos-para-pulir\\\/polishing-discs\\\/cotton\\\/hard-sewn-cotton-disc\\\/\",\"name\":\"Hard Sewn Cotton Disc - Tierras Industriales HERRAN Y DIEZ\",\"isPartOf\":{\"@id\":\"https:\\\/\\\/www.herranydiez.com\\\/en\\\/#website\"},\"primaryImageOfPage\":{\"@id\":\"https:\\\/\\\/www.herranydiez.com\\\/en\\\/pastas-y-discos-para-pulir\\\/polishing-discs\\\/cotton\\\/hard-sewn-cotton-disc\\\/#primaryimage\"},\"image\":{\"@id\":\"https:\\\/\\\/www.herranydiez.com\\\/en\\\/pastas-y-discos-para-pulir\\\/polishing-discs\\\/cotton\\\/hard-sewn-cotton-disc\\\/#primaryimage\"},\"thumbnailUrl\":\"https:\\\/\\\/www.herranydiez.com\\\/wp-content\\\/uploads\\\/2015\\\/11\\\/COSD-600-1.jpg\",\"datePublished\":\"2015-11-29T10:24:57+00:00\",\"dateModified\":\"2024-08-06T08:05:14+00:00\",\"breadcrumb\":{\"@id\":\"https:\\\/\\\/www.herranydiez.com\\\/en\\\/pastas-y-discos-para-pulir\\\/polishing-discs\\\/cotton\\\/hard-sewn-cotton-disc\\\/#breadcrumb\"},\"inLanguage\":\"en-US\",\"potentialAction\":[{\"@type\":\"ReadAction\",\"target\":[\"https:\\\/\\\/www.herranydiez.com\\\/en\\\/pastas-y-discos-para-pulir\\\/polishing-discs\\\/cotton\\\/hard-sewn-cotton-disc\\\/\"]}]},{\"@type\":\"ImageObject\",\"inLanguage\":\"en-US\",\"@id\":\"https:\\\/\\\/www.herranydiez.com\\\/en\\\/pastas-y-discos-para-pulir\\\/polishing-discs\\\/cotton\\\/hard-sewn-cotton-disc\\\/#primaryimage\",\"url\":\"https:\\\/\\\/www.herranydiez.com\\\/wp-content\\\/uploads\\\/2015\\\/11\\\/COSD-600-1.jpg\",\"contentUrl\":\"https:\\\/\\\/www.herranydiez.com\\\/wp-content\\\/uploads\\\/2015\\\/11\\\/COSD-600-1.jpg\",\"width\":600,\"height\":600,\"caption\":\"Disco Pulir COS D\"},{\"@type\":\"BreadcrumbList\",\"@id\":\"https:\\\/\\\/www.herranydiez.com\\\/en\\\/pastas-y-discos-para-pulir\\\/polishing-discs\\\/cotton\\\/hard-sewn-cotton-disc\\\/#breadcrumb\",\"itemListElement\":[{\"@type\":\"ListItem\",\"position\":1,\"name\":\"Portada\",\"item\":\"https:\\\/\\\/www.herranydiez.com\\\/en\\\/\"},{\"@type\":\"ListItem\",\"position\":2,\"name\":\"Pastes and polisishing discs\",\"item\":\"https:\\\/\\\/www.herranydiez.com\\\/en\\\/pastes-and-polisishing-discs\\\/\"},{\"@type\":\"ListItem\",\"position\":3,\"name\":\"Hard Sewn Cotton Disc\"}]},{\"@type\":\"WebSite\",\"@id\":\"https:\\\/\\\/www.herranydiez.com\\\/en\\\/#website\",\"url\":\"https:\\\/\\\/www.herranydiez.com\\\/en\\\/\",\"name\":\"Tierras Industriales HERRAN Y DIEZ\",\"description\":\"Especialistas en fabricaci\u00f3n de minerales abrasivos, discos de pulir y pastas para pulir y abrillantar. \u00danico fabricante europeo de mineral de Tr\u00edpoli.\",\"publisher\":{\"@id\":\"https:\\\/\\\/www.herranydiez.com\\\/en\\\/#organization\"},\"alternateName\":\"European Tr\u00edpoli\",\"potentialAction\":[{\"@type\":\"SearchAction\",\"target\":{\"@type\":\"EntryPoint\",\"urlTemplate\":\"https:\\\/\\\/www.herranydiez.com\\\/en\\\/?s={search_term_string}\"},\"query-input\":{\"@type\":\"PropertyValueSpecification\",\"valueRequired\":true,\"valueName\":\"search_term_string\"}}],\"inLanguage\":\"en-US\"},{\"@type\":\"Organization\",\"@id\":\"https:\\\/\\\/www.herranydiez.com\\\/en\\\/#organization\",\"name\":\"Tierras Industriales HERRAN Y DIEZ\",\"alternateName\":\"Herr\u00e1n y D\u00edez\",\"url\":\"https:\\\/\\\/www.herranydiez.com\\\/en\\\/\",\"logo\":{\"@type\":\"ImageObject\",\"inLanguage\":\"en-US\",\"@id\":\"https:\\\/\\\/www.herranydiez.com\\\/en\\\/#\\\/schema\\\/logo\\\/image\\\/\",\"url\":\"https:\\\/\\\/www.herranydiez.com\\\/wp-content\\\/uploads\\\/2024\\\/06\\\/european-tripoli.jpg\",\"contentUrl\":\"https:\\\/\\\/www.herranydiez.com\\\/wp-content\\\/uploads\\\/2024\\\/06\\\/european-tripoli.jpg\",\"width\":696,\"height\":696,\"caption\":\"Tierras Industriales HERRAN Y DIEZ\"},\"image\":{\"@id\":\"https:\\\/\\\/www.herranydiez.com\\\/en\\\/#\\\/schema\\\/logo\\\/image\\\/\"}}]}<\/script>\n<!-- \/ Yoast SEO plugin. -->","yoast_head_json":{"title":"Hard Sewn Cotton Disc - Tierras Industriales HERRAN Y DIEZ","robots":{"index":"index","follow":"follow","max-snippet":"max-snippet:-1","max-image-preview":"max-image-preview:large","max-video-preview":"max-video-preview:-1"},"canonical":"https:\/\/www.herranydiez.com\/en\/pastas-y-discos-para-pulir\/polishing-discs\/cotton\/hard-sewn-cotton-disc\/","og_locale":"en_US","og_type":"article","og_title":"Hard Sewn Cotton Disc - Tierras Industriales HERRAN Y DIEZ","og_description":"Hard Sewn Cotton Disc The stitching increases the disc\u2019s durability as the fabric, not being cut on the bias, is less resistant.  Shining polish for soft metals (copper, silver), and alloys (brass, zamak).","og_url":"https:\/\/www.herranydiez.com\/en\/pastas-y-discos-para-pulir\/polishing-discs\/cotton\/hard-sewn-cotton-disc\/","og_site_name":"Tierras Industriales HERRAN Y DIEZ","article_modified_time":"2024-08-06T08:05:14+00:00","og_image":[{"width":600,"height":600,"url":"https:\/\/www.herranydiez.com\/wp-content\/uploads\/2015\/11\/COSD-600-1.jpg","type":"image\/jpeg"}],"twitter_card":"summary_large_image","schema":{"@context":"https:\/\/schema.org","@graph":[{"@type":"WebPage","@id":"https:\/\/www.herranydiez.com\/en\/pastas-y-discos-para-pulir\/polishing-discs\/cotton\/hard-sewn-cotton-disc\/","url":"https:\/\/www.herranydiez.com\/en\/pastas-y-discos-para-pulir\/polishing-discs\/cotton\/hard-sewn-cotton-disc\/","name":"Hard Sewn Cotton Disc - Tierras Industriales HERRAN Y DIEZ","isPartOf":{"@id":"https:\/\/www.herranydiez.com\/en\/#website"},"primaryImageOfPage":{"@id":"https:\/\/www.herranydiez.com\/en\/pastas-y-discos-para-pulir\/polishing-discs\/cotton\/hard-sewn-cotton-disc\/#primaryimage"},"image":{"@id":"https:\/\/www.herranydiez.com\/en\/pastas-y-discos-para-pulir\/polishing-discs\/cotton\/hard-sewn-cotton-disc\/#primaryimage"},"thumbnailUrl":"https:\/\/www.herranydiez.com\/wp-content\/uploads\/2015\/11\/COSD-600-1.jpg","datePublished":"2015-11-29T10:24:57+00:00","dateModified":"2024-08-06T08:05:14+00:00","breadcrumb":{"@id":"https:\/\/www.herranydiez.com\/en\/pastas-y-discos-para-pulir\/polishing-discs\/cotton\/hard-sewn-cotton-disc\/#breadcrumb"},"inLanguage":"en-US","potentialAction":[{"@type":"ReadAction","target":["https:\/\/www.herranydiez.com\/en\/pastas-y-discos-para-pulir\/polishing-discs\/cotton\/hard-sewn-cotton-disc\/"]}]},{"@type":"ImageObject","inLanguage":"en-US","@id":"https:\/\/www.herranydiez.com\/en\/pastas-y-discos-para-pulir\/polishing-discs\/cotton\/hard-sewn-cotton-disc\/#primaryimage","url":"https:\/\/www.herranydiez.com\/wp-content\/uploads\/2015\/11\/COSD-600-1.jpg","contentUrl":"https:\/\/www.herranydiez.com\/wp-content\/uploads\/2015\/11\/COSD-600-1.jpg","width":600,"height":600,"caption":"Disco Pulir COS D"},{"@type":"BreadcrumbList","@id":"https:\/\/www.herranydiez.com\/en\/pastas-y-discos-para-pulir\/polishing-discs\/cotton\/hard-sewn-cotton-disc\/#breadcrumb","itemListElement":[{"@type":"ListItem","position":1,"name":"Portada","item":"https:\/\/www.herranydiez.com\/en\/"},{"@type":"ListItem","position":2,"name":"Pastes and polisishing discs","item":"https:\/\/www.herranydiez.com\/en\/pastes-and-polisishing-discs\/"},{"@type":"ListItem","position":3,"name":"Hard Sewn Cotton Disc"}]},{"@type":"WebSite","@id":"https:\/\/www.herranydiez.com\/en\/#website","url":"https:\/\/www.herranydiez.com\/en\/","name":"Tierras Industriales HERRAN Y DIEZ","description":"Especialistas en fabricaci\u00f3n de minerales abrasivos, discos de pulir y pastas para pulir y abrillantar. \u00danico fabricante europeo de mineral de Tr\u00edpoli.","publisher":{"@id":"https:\/\/www.herranydiez.com\/en\/#organization"},"alternateName":"European Tr\u00edpoli","potentialAction":[{"@type":"SearchAction","target":{"@type":"EntryPoint","urlTemplate":"https:\/\/www.herranydiez.com\/en\/?s={search_term_string}"},"query-input":{"@type":"PropertyValueSpecification","valueRequired":true,"valueName":"search_term_string"}}],"inLanguage":"en-US"},{"@type":"Organization","@id":"https:\/\/www.herranydiez.com\/en\/#organization","name":"Tierras Industriales HERRAN Y DIEZ","alternateName":"Herr\u00e1n y D\u00edez","url":"https:\/\/www.herranydiez.com\/en\/","logo":{"@type":"ImageObject","inLanguage":"en-US","@id":"https:\/\/www.herranydiez.com\/en\/#\/schema\/logo\/image\/","url":"https:\/\/www.herranydiez.com\/wp-content\/uploads\/2024\/06\/european-tripoli.jpg","contentUrl":"https:\/\/www.herranydiez.com\/wp-content\/uploads\/2024\/06\/european-tripoli.jpg","width":696,"height":696,"caption":"Tierras Industriales HERRAN Y DIEZ"},"image":{"@id":"https:\/\/www.herranydiez.com\/en\/#\/schema\/logo\/image\/"}}]}},"_links":{"self":[{"href":"https:\/\/www.herranydiez.com\/en\/wp-json\/wp\/v2\/product\/16391","targetHints":{"allow":["GET"]}}],"collection":[{"href":"https:\/\/www.herranydiez.com\/en\/wp-json\/wp\/v2\/product"}],"about":[{"href":"https:\/\/www.herranydiez.com\/en\/wp-json\/wp\/v2\/types\/product"}],"wp:featuredmedia":[{"embeddable":true,"href":"https:\/\/www.herranydiez.com\/en\/wp-json\/wp\/v2\/media\/16085"}],"wp:attachment":[{"href":"https:\/\/www.herranydiez.com\/en\/wp-json\/wp\/v2\/media?parent=16391"}],"wp:term":[{"taxonomy":"product_brand","embeddable":true,"href":"https:\/\/www.herranydiez.com\/en\/wp-json\/wp\/v2\/product_brand?post=16391"},{"taxonomy":"product_cat","embeddable":true,"href":"https:\/\/www.herranydiez.com\/en\/wp-json\/wp\/v2\/product_cat?post=16391"},{"taxonomy":"product_tag","embeddable":true,"href":"https:\/\/www.herranydiez.com\/en\/wp-json\/wp\/v2\/product_tag?post=16391"}],"curies":[{"name":"wp","href":"https:\/\/api.w.org\/{rel}","templated":true}]}}