{"id":16383,"date":"2016-05-13T00:32:08","date_gmt":"2016-05-12T22:32:08","guid":{"rendered":"https:\/\/www.herranydiez.com\/?post_type=product&#038;p=16383"},"modified":"2024-08-05T17:39:01","modified_gmt":"2024-08-05T15:39:01","slug":"solid-cutting-simil-gwelia","status":"publish","type":"product","link":"https:\/\/www.herranydiez.com\/en\/pastas-y-discos-para-pulir\/pastes\/solid-pastes\/solid-cutting-simil-gwelia\/","title":{"rendered":"Solid Cutting Simil Gwelia"},"content":{"rendered":"","protected":false},"excerpt":{"rendered":"<h3>Solid Cutting Simil Gwelia<\/h3>\n<p>Paste Polishing for non-ferritic metals and plastics. Very greasy paste with good disc grip. Medium cutting and good shine.<\/p>\n<p>Recommended for cotton disc with or without impregnation, although sisal disc without impregnation can also be used for greater cutting.<\/p>\n<div>Cutting Index: <i class=\"fas fa-star\" style=\"font-size:14px;color:#ffd700\"><\/i><i class=\"fas fa-star\" style=\"font-size:14px;color:#ffd700\"><\/i><i class=\"fas fa-star\" style=\"font-size:14px;color:#ffd700\"><\/i><i class=\"far fa-star\" style=\"font-size:14px;color:#ffd700\"><\/i><i class=\"far fa-star\" style=\"font-size:14px;color:#ffd700\"><\/i> (6)<\/div>\n<div>Gloss Index:\u00a0<i class=\"fas fa-star\" style=\"font-size:14px;color:#ffd700\"><\/i><i class=\"fas fa-star\" style=\"font-size:14px;color:#ffd700\"><\/i><i class=\"fas fa-star\" style=\"font-size:14px;color:#ffd700\"><\/i><i class=\"far fa-star\" style=\"font-size:14px;color:#ffd700\"><\/i><i class=\"far fa-star\" style=\"font-size:14px;color:#ffd700\"><\/i> (6)<\/div>\n<div>Grease Index:\u00a0<i class=\"fas fa-star\" style=\"font-size:14px;color:#ffd700\"><\/i><i class=\"fas fa-star\" style=\"font-size:14px;color:#ffd700\"><\/i><i class=\"fas fa-star\" style=\"font-size:14px;color:#ffd700\"><\/i><i class=\"fas fa-star-half-alt\" style=\"font-size:14px;color:#ffd700\"><\/i><i class=\"far fa-star\" style=\"font-size:14px;color:#ffd700\"><\/i> (7)<\/div>\n<p><\/p>\n<h4>Applications:<\/h4>\n<ul>\n<li>Aluminium.<\/li>\n<li>Brass, Copper, Bronze, Zinc, Zamac.<\/li>\n<li>Plastics.<\/li>\n<\/ul>\n<p>Packaging: Cardboard box containing 20 units, weighing approximately 18 Kg.<\/p>\n","protected":false},"featured_media":16136,"template":"","meta":[],"product_brand":[],"product_cat":[105],"product_tag":[],"class_list":{"0":"post-16383","1":"product","2":"type-product","3":"status-publish","4":"has-post-thumbnail","6":"product_cat-solid-pastes","7":"description-off","9":"first","10":"instock","11":"shipping-taxable","12":"product-type-simple"},"yoast_head":"<!-- This site is optimized with the Yoast SEO plugin v27.5 - https:\/\/yoast.com\/product\/yoast-seo-wordpress\/ -->\n<title>Solid Cutting Simil Gwelia - Tierras Industriales HERRAN Y DIEZ<\/title>\n<meta name=\"robots\" content=\"index, follow, max-snippet:-1, max-image-preview:large, max-video-preview:-1\" \/>\n<link rel=\"canonical\" href=\"https:\/\/www.herranydiez.com\/en\/pastas-y-discos-para-pulir\/pastes\/solid-pastes\/solid-cutting-simil-gwelia\/\" \/>\n<meta property=\"og:locale\" content=\"en_US\" \/>\n<meta property=\"og:type\" content=\"article\" \/>\n<meta property=\"og:title\" content=\"Solid Cutting Simil Gwelia - Tierras Industriales HERRAN Y DIEZ\" \/>\n<meta property=\"og:description\" content=\"Solid Cutting Simil Gwelia Paste Polishing for non-ferritic metals and plastics. Very greasy paste with good disc grip. Medium cutting and good shine.  Recommended for cotton disc with or without impregnation, although sisal disc without impregnation can also be used for greater cutting.   Cutting Index: (6) Gloss Index:\u00a0 (6) Grease Index:\u00a0 (7) Applications:   Aluminium.  Brass, Copper, Bronze, Zinc, Zamac.  Plastics.  Packaging: Cardboard box containing 20 units, weighing approximately 18 Kg.\" \/>\n<meta property=\"og:url\" content=\"https:\/\/www.herranydiez.com\/en\/pastas-y-discos-para-pulir\/pastes\/solid-pastes\/solid-cutting-simil-gwelia\/\" \/>\n<meta property=\"og:site_name\" content=\"Tierras Industriales HERRAN Y DIEZ\" \/>\n<meta property=\"article:modified_time\" content=\"2024-08-05T15:39:01+00:00\" \/>\n<meta property=\"og:image\" content=\"https:\/\/www.herranydiez.com\/wp-content\/uploads\/2016\/05\/pasta-solida-simil-gewelia.jpg\" \/>\n\t<meta property=\"og:image:width\" content=\"640\" \/>\n\t<meta property=\"og:image:height\" content=\"480\" \/>\n\t<meta property=\"og:image:type\" content=\"image\/jpeg\" \/>\n<meta name=\"twitter:card\" content=\"summary_large_image\" \/>\n<meta name=\"twitter:label1\" content=\"Est. reading time\" \/>\n\t<meta name=\"twitter:data1\" content=\"1 minute\" \/>\n<script type=\"application\/ld+json\" class=\"yoast-schema-graph\">{\"@context\":\"https:\\\/\\\/schema.org\",\"@graph\":[{\"@type\":\"WebPage\",\"@id\":\"https:\\\/\\\/www.herranydiez.com\\\/en\\\/pastas-y-discos-para-pulir\\\/pastes\\\/solid-pastes\\\/solid-cutting-simil-gwelia\\\/\",\"url\":\"https:\\\/\\\/www.herranydiez.com\\\/en\\\/pastas-y-discos-para-pulir\\\/pastes\\\/solid-pastes\\\/solid-cutting-simil-gwelia\\\/\",\"name\":\"Solid Cutting Simil Gwelia - Tierras Industriales HERRAN Y DIEZ\",\"isPartOf\":{\"@id\":\"https:\\\/\\\/www.herranydiez.com\\\/en\\\/#website\"},\"primaryImageOfPage\":{\"@id\":\"https:\\\/\\\/www.herranydiez.com\\\/en\\\/pastas-y-discos-para-pulir\\\/pastes\\\/solid-pastes\\\/solid-cutting-simil-gwelia\\\/#primaryimage\"},\"image\":{\"@id\":\"https:\\\/\\\/www.herranydiez.com\\\/en\\\/pastas-y-discos-para-pulir\\\/pastes\\\/solid-pastes\\\/solid-cutting-simil-gwelia\\\/#primaryimage\"},\"thumbnailUrl\":\"https:\\\/\\\/www.herranydiez.com\\\/wp-content\\\/uploads\\\/2016\\\/05\\\/pasta-solida-simil-gewelia.jpg\",\"datePublished\":\"2016-05-12T22:32:08+00:00\",\"dateModified\":\"2024-08-05T15:39:01+00:00\",\"breadcrumb\":{\"@id\":\"https:\\\/\\\/www.herranydiez.com\\\/en\\\/pastas-y-discos-para-pulir\\\/pastes\\\/solid-pastes\\\/solid-cutting-simil-gwelia\\\/#breadcrumb\"},\"inLanguage\":\"en-US\",\"potentialAction\":[{\"@type\":\"ReadAction\",\"target\":[\"https:\\\/\\\/www.herranydiez.com\\\/en\\\/pastas-y-discos-para-pulir\\\/pastes\\\/solid-pastes\\\/solid-cutting-simil-gwelia\\\/\"]}]},{\"@type\":\"ImageObject\",\"inLanguage\":\"en-US\",\"@id\":\"https:\\\/\\\/www.herranydiez.com\\\/en\\\/pastas-y-discos-para-pulir\\\/pastes\\\/solid-pastes\\\/solid-cutting-simil-gwelia\\\/#primaryimage\",\"url\":\"https:\\\/\\\/www.herranydiez.com\\\/wp-content\\\/uploads\\\/2016\\\/05\\\/pasta-solida-simil-gewelia.jpg\",\"contentUrl\":\"https:\\\/\\\/www.herranydiez.com\\\/wp-content\\\/uploads\\\/2016\\\/05\\\/pasta-solida-simil-gewelia.jpg\",\"width\":640,\"height\":480,\"caption\":\"Pasta solida Simil Gwelia\"},{\"@type\":\"BreadcrumbList\",\"@id\":\"https:\\\/\\\/www.herranydiez.com\\\/en\\\/pastas-y-discos-para-pulir\\\/pastes\\\/solid-pastes\\\/solid-cutting-simil-gwelia\\\/#breadcrumb\",\"itemListElement\":[{\"@type\":\"ListItem\",\"position\":1,\"name\":\"Portada\",\"item\":\"https:\\\/\\\/www.herranydiez.com\\\/en\\\/\"},{\"@type\":\"ListItem\",\"position\":2,\"name\":\"Pastes and polisishing discs\",\"item\":\"https:\\\/\\\/www.herranydiez.com\\\/en\\\/pastes-and-polisishing-discs\\\/\"},{\"@type\":\"ListItem\",\"position\":3,\"name\":\"Solid Cutting Simil Gwelia\"}]},{\"@type\":\"WebSite\",\"@id\":\"https:\\\/\\\/www.herranydiez.com\\\/en\\\/#website\",\"url\":\"https:\\\/\\\/www.herranydiez.com\\\/en\\\/\",\"name\":\"Tierras Industriales HERRAN Y DIEZ\",\"description\":\"Especialistas en fabricaci\u00f3n de minerales abrasivos, discos de pulir y pastas para pulir y abrillantar. \u00danico fabricante europeo de mineral de Tr\u00edpoli.\",\"publisher\":{\"@id\":\"https:\\\/\\\/www.herranydiez.com\\\/en\\\/#organization\"},\"alternateName\":\"European Tr\u00edpoli\",\"potentialAction\":[{\"@type\":\"SearchAction\",\"target\":{\"@type\":\"EntryPoint\",\"urlTemplate\":\"https:\\\/\\\/www.herranydiez.com\\\/en\\\/?s={search_term_string}\"},\"query-input\":{\"@type\":\"PropertyValueSpecification\",\"valueRequired\":true,\"valueName\":\"search_term_string\"}}],\"inLanguage\":\"en-US\"},{\"@type\":\"Organization\",\"@id\":\"https:\\\/\\\/www.herranydiez.com\\\/en\\\/#organization\",\"name\":\"Tierras Industriales HERRAN Y DIEZ\",\"alternateName\":\"Herr\u00e1n y D\u00edez\",\"url\":\"https:\\\/\\\/www.herranydiez.com\\\/en\\\/\",\"logo\":{\"@type\":\"ImageObject\",\"inLanguage\":\"en-US\",\"@id\":\"https:\\\/\\\/www.herranydiez.com\\\/en\\\/#\\\/schema\\\/logo\\\/image\\\/\",\"url\":\"https:\\\/\\\/www.herranydiez.com\\\/wp-content\\\/uploads\\\/2024\\\/06\\\/european-tripoli.jpg\",\"contentUrl\":\"https:\\\/\\\/www.herranydiez.com\\\/wp-content\\\/uploads\\\/2024\\\/06\\\/european-tripoli.jpg\",\"width\":696,\"height\":696,\"caption\":\"Tierras Industriales HERRAN Y DIEZ\"},\"image\":{\"@id\":\"https:\\\/\\\/www.herranydiez.com\\\/en\\\/#\\\/schema\\\/logo\\\/image\\\/\"}}]}<\/script>\n<!-- \/ Yoast SEO plugin. -->","yoast_head_json":{"title":"Solid Cutting Simil Gwelia - Tierras Industriales HERRAN Y DIEZ","robots":{"index":"index","follow":"follow","max-snippet":"max-snippet:-1","max-image-preview":"max-image-preview:large","max-video-preview":"max-video-preview:-1"},"canonical":"https:\/\/www.herranydiez.com\/en\/pastas-y-discos-para-pulir\/pastes\/solid-pastes\/solid-cutting-simil-gwelia\/","og_locale":"en_US","og_type":"article","og_title":"Solid Cutting Simil Gwelia - Tierras Industriales HERRAN Y DIEZ","og_description":"Solid Cutting Simil Gwelia Paste Polishing for non-ferritic metals and plastics. Very greasy paste with good disc grip. Medium cutting and good shine.  Recommended for cotton disc with or without impregnation, although sisal disc without impregnation can also be used for greater cutting.   Cutting Index: (6) Gloss Index:\u00a0 (6) Grease Index:\u00a0 (7) Applications:   Aluminium.  Brass, Copper, Bronze, Zinc, Zamac.  Plastics.  Packaging: Cardboard box containing 20 units, weighing approximately 18 Kg.","og_url":"https:\/\/www.herranydiez.com\/en\/pastas-y-discos-para-pulir\/pastes\/solid-pastes\/solid-cutting-simil-gwelia\/","og_site_name":"Tierras Industriales HERRAN Y DIEZ","article_modified_time":"2024-08-05T15:39:01+00:00","og_image":[{"width":640,"height":480,"url":"https:\/\/www.herranydiez.com\/wp-content\/uploads\/2016\/05\/pasta-solida-simil-gewelia.jpg","type":"image\/jpeg"}],"twitter_card":"summary_large_image","twitter_misc":{"Est. reading time":"1 minute"},"schema":{"@context":"https:\/\/schema.org","@graph":[{"@type":"WebPage","@id":"https:\/\/www.herranydiez.com\/en\/pastas-y-discos-para-pulir\/pastes\/solid-pastes\/solid-cutting-simil-gwelia\/","url":"https:\/\/www.herranydiez.com\/en\/pastas-y-discos-para-pulir\/pastes\/solid-pastes\/solid-cutting-simil-gwelia\/","name":"Solid Cutting Simil Gwelia - Tierras Industriales HERRAN Y DIEZ","isPartOf":{"@id":"https:\/\/www.herranydiez.com\/en\/#website"},"primaryImageOfPage":{"@id":"https:\/\/www.herranydiez.com\/en\/pastas-y-discos-para-pulir\/pastes\/solid-pastes\/solid-cutting-simil-gwelia\/#primaryimage"},"image":{"@id":"https:\/\/www.herranydiez.com\/en\/pastas-y-discos-para-pulir\/pastes\/solid-pastes\/solid-cutting-simil-gwelia\/#primaryimage"},"thumbnailUrl":"https:\/\/www.herranydiez.com\/wp-content\/uploads\/2016\/05\/pasta-solida-simil-gewelia.jpg","datePublished":"2016-05-12T22:32:08+00:00","dateModified":"2024-08-05T15:39:01+00:00","breadcrumb":{"@id":"https:\/\/www.herranydiez.com\/en\/pastas-y-discos-para-pulir\/pastes\/solid-pastes\/solid-cutting-simil-gwelia\/#breadcrumb"},"inLanguage":"en-US","potentialAction":[{"@type":"ReadAction","target":["https:\/\/www.herranydiez.com\/en\/pastas-y-discos-para-pulir\/pastes\/solid-pastes\/solid-cutting-simil-gwelia\/"]}]},{"@type":"ImageObject","inLanguage":"en-US","@id":"https:\/\/www.herranydiez.com\/en\/pastas-y-discos-para-pulir\/pastes\/solid-pastes\/solid-cutting-simil-gwelia\/#primaryimage","url":"https:\/\/www.herranydiez.com\/wp-content\/uploads\/2016\/05\/pasta-solida-simil-gewelia.jpg","contentUrl":"https:\/\/www.herranydiez.com\/wp-content\/uploads\/2016\/05\/pasta-solida-simil-gewelia.jpg","width":640,"height":480,"caption":"Pasta solida Simil Gwelia"},{"@type":"BreadcrumbList","@id":"https:\/\/www.herranydiez.com\/en\/pastas-y-discos-para-pulir\/pastes\/solid-pastes\/solid-cutting-simil-gwelia\/#breadcrumb","itemListElement":[{"@type":"ListItem","position":1,"name":"Portada","item":"https:\/\/www.herranydiez.com\/en\/"},{"@type":"ListItem","position":2,"name":"Pastes and polisishing discs","item":"https:\/\/www.herranydiez.com\/en\/pastes-and-polisishing-discs\/"},{"@type":"ListItem","position":3,"name":"Solid Cutting Simil Gwelia"}]},{"@type":"WebSite","@id":"https:\/\/www.herranydiez.com\/en\/#website","url":"https:\/\/www.herranydiez.com\/en\/","name":"Tierras Industriales HERRAN Y DIEZ","description":"Especialistas en fabricaci\u00f3n de minerales abrasivos, discos de pulir y pastas para pulir y abrillantar. \u00danico fabricante europeo de mineral de Tr\u00edpoli.","publisher":{"@id":"https:\/\/www.herranydiez.com\/en\/#organization"},"alternateName":"European Tr\u00edpoli","potentialAction":[{"@type":"SearchAction","target":{"@type":"EntryPoint","urlTemplate":"https:\/\/www.herranydiez.com\/en\/?s={search_term_string}"},"query-input":{"@type":"PropertyValueSpecification","valueRequired":true,"valueName":"search_term_string"}}],"inLanguage":"en-US"},{"@type":"Organization","@id":"https:\/\/www.herranydiez.com\/en\/#organization","name":"Tierras Industriales HERRAN Y DIEZ","alternateName":"Herr\u00e1n y D\u00edez","url":"https:\/\/www.herranydiez.com\/en\/","logo":{"@type":"ImageObject","inLanguage":"en-US","@id":"https:\/\/www.herranydiez.com\/en\/#\/schema\/logo\/image\/","url":"https:\/\/www.herranydiez.com\/wp-content\/uploads\/2024\/06\/european-tripoli.jpg","contentUrl":"https:\/\/www.herranydiez.com\/wp-content\/uploads\/2024\/06\/european-tripoli.jpg","width":696,"height":696,"caption":"Tierras Industriales HERRAN Y DIEZ"},"image":{"@id":"https:\/\/www.herranydiez.com\/en\/#\/schema\/logo\/image\/"}}]}},"_links":{"self":[{"href":"https:\/\/www.herranydiez.com\/en\/wp-json\/wp\/v2\/product\/16383","targetHints":{"allow":["GET"]}}],"collection":[{"href":"https:\/\/www.herranydiez.com\/en\/wp-json\/wp\/v2\/product"}],"about":[{"href":"https:\/\/www.herranydiez.com\/en\/wp-json\/wp\/v2\/types\/product"}],"wp:featuredmedia":[{"embeddable":true,"href":"https:\/\/www.herranydiez.com\/en\/wp-json\/wp\/v2\/media\/16136"}],"wp:attachment":[{"href":"https:\/\/www.herranydiez.com\/en\/wp-json\/wp\/v2\/media?parent=16383"}],"wp:term":[{"taxonomy":"product_brand","embeddable":true,"href":"https:\/\/www.herranydiez.com\/en\/wp-json\/wp\/v2\/product_brand?post=16383"},{"taxonomy":"product_cat","embeddable":true,"href":"https:\/\/www.herranydiez.com\/en\/wp-json\/wp\/v2\/product_cat?post=16383"},{"taxonomy":"product_tag","embeddable":true,"href":"https:\/\/www.herranydiez.com\/en\/wp-json\/wp\/v2\/product_tag?post=16383"}],"curies":[{"name":"wp","href":"https:\/\/api.w.org\/{rel}","templated":true}]}}