{"id":16382,"date":"2016-05-13T00:37:07","date_gmt":"2016-05-12T22:37:07","guid":{"rendered":"https:\/\/www.herranydiez.com\/?post_type=product&#038;p=16382"},"modified":"2024-08-05T17:34:11","modified_gmt":"2024-08-05T15:34:11","slug":"solid-cutting-paste-grauer-k","status":"publish","type":"product","link":"https:\/\/www.herranydiez.com\/en\/pastas-y-discos-para-pulir\/pastes\/solid-pastes\/solid-cutting-paste-grauer-k\/","title":{"rendered":"Solid Cutting Paste Grauer K"},"content":{"rendered":"","protected":false},"excerpt":{"rendered":"<h2>Solid Cutting Paste Grauer K<\/h2>\n<p>Polishing for non-ferritic metals and plastic. Very low greasiness paste, with medium cut and good shine.<br \/>\nRecommended for cotton disc with or without impregnation, although sisal disc without impregnation can also be used for greater cut.<\/p>\n<div>Cutting Index: <i class=\"fas fa-star\" style=\"font-size:14px;color:#ffd700\"><\/i><i class=\"fas fa-star\" style=\"font-size:14px;color:#ffd700\"><\/i><i class=\"fas fa-star\" style=\"font-size:14px;color:#ffd700\"><\/i><i class=\"fas fa-star-half-alt\" style=\"font-size:14px;color:#ffd700\"><\/i><i class=\"far fa-star\" style=\"font-size:14px;color:#ffd700\"><\/i> (7)<\/div>\n<div>Gloss Index:\u00a0<i class=\"fas fa-star\" style=\"font-size:14px;color:#ffd700\"><\/i><i class=\"fas fa-star\" style=\"font-size:14px;color:#ffd700\"><\/i><i class=\"fas fa-star\" style=\"font-size:14px;color:#ffd700\"><\/i><i class=\"far fa-star\" style=\"font-size:14px;color:#ffd700\"><\/i><i class=\"far fa-star\" style=\"font-size:14px;color:#ffd700\"><\/i> (6)<\/div>\n<div>Grease Index:\u00a0<i class=\"fas fa-star\" style=\"font-size:14px;color:#ffd700\"><\/i><i class=\"fas fa-star\" style=\"font-size:14px;color:#ffd700\"><\/i><i class=\"fas fa-star-half-alt\" style=\"font-size:14px;color:#ffd700\"><\/i><i class=\"far fa-star\" style=\"font-size:14px;color:#ffd700\"><\/i><i class=\"far fa-star\" style=\"font-size:14px;color:#ffd700\"><\/i> (5)<\/div>\n<p><\/p>\n<h4>Aplicaciones:<\/h4>\n<ul>\n<li>Aluminium.<\/li>\n<li>Brass, Copper, Bronze, Zinc, Zamac.<\/li>\n<li>Plastics.<\/li>\n<\/ul>\n<p>Packaging: Carton box with 20 units, weight around 18 Kg.<\/p>\n","protected":false},"featured_media":16132,"template":"","meta":[],"product_brand":[],"product_cat":[105],"product_tag":[],"class_list":{"0":"post-16382","1":"product","2":"type-product","3":"status-publish","4":"has-post-thumbnail","6":"product_cat-solid-pastes","7":"description-off","9":"first","10":"instock","11":"shipping-taxable","12":"product-type-simple"},"yoast_head":"<!-- This site is optimized with the Yoast SEO plugin v27.5 - https:\/\/yoast.com\/product\/yoast-seo-wordpress\/ -->\n<title>Solid Cutting Paste Grauer K - Tierras Industriales HERRAN Y DIEZ<\/title>\n<meta name=\"robots\" content=\"index, follow, max-snippet:-1, max-image-preview:large, max-video-preview:-1\" \/>\n<link rel=\"canonical\" href=\"https:\/\/www.herranydiez.com\/en\/pastas-y-discos-para-pulir\/pastes\/solid-pastes\/solid-cutting-paste-grauer-k\/\" \/>\n<meta property=\"og:locale\" content=\"en_US\" \/>\n<meta property=\"og:type\" content=\"article\" \/>\n<meta property=\"og:title\" content=\"Solid Cutting Paste Grauer K - Tierras Industriales HERRAN Y DIEZ\" \/>\n<meta property=\"og:description\" content=\"Solid Cutting Paste Grauer K Polishing for non-ferritic metals and plastic. Very low greasiness paste, with medium cut and good shine.  Recommended for cotton disc with or without impregnation, although sisal disc without impregnation can also be used for greater cut.  Cutting Index: (7) Gloss Index:\u00a0 (6) Grease Index:\u00a0 (5) Aplicaciones:   Aluminium.  Brass, Copper, Bronze, Zinc, Zamac.  Plastics.  Packaging: Carton box with 20 units, weight around 18 Kg.\" \/>\n<meta property=\"og:url\" content=\"https:\/\/www.herranydiez.com\/en\/pastas-y-discos-para-pulir\/pastes\/solid-pastes\/solid-cutting-paste-grauer-k\/\" \/>\n<meta property=\"og:site_name\" content=\"Tierras Industriales HERRAN Y DIEZ\" \/>\n<meta property=\"article:modified_time\" content=\"2024-08-05T15:34:11+00:00\" \/>\n<meta property=\"og:image\" content=\"https:\/\/www.herranydiez.com\/wp-content\/uploads\/2016\/05\/pasta-solida-grauer-k.jpg\" \/>\n\t<meta property=\"og:image:width\" content=\"640\" \/>\n\t<meta property=\"og:image:height\" content=\"480\" \/>\n\t<meta property=\"og:image:type\" content=\"image\/jpeg\" \/>\n<meta name=\"twitter:card\" content=\"summary_large_image\" \/>\n<script type=\"application\/ld+json\" class=\"yoast-schema-graph\">{\"@context\":\"https:\\\/\\\/schema.org\",\"@graph\":[{\"@type\":\"WebPage\",\"@id\":\"https:\\\/\\\/www.herranydiez.com\\\/en\\\/pastas-y-discos-para-pulir\\\/pastes\\\/solid-pastes\\\/solid-cutting-paste-grauer-k\\\/\",\"url\":\"https:\\\/\\\/www.herranydiez.com\\\/en\\\/pastas-y-discos-para-pulir\\\/pastes\\\/solid-pastes\\\/solid-cutting-paste-grauer-k\\\/\",\"name\":\"Solid Cutting Paste Grauer K - Tierras Industriales HERRAN Y DIEZ\",\"isPartOf\":{\"@id\":\"https:\\\/\\\/www.herranydiez.com\\\/en\\\/#website\"},\"primaryImageOfPage\":{\"@id\":\"https:\\\/\\\/www.herranydiez.com\\\/en\\\/pastas-y-discos-para-pulir\\\/pastes\\\/solid-pastes\\\/solid-cutting-paste-grauer-k\\\/#primaryimage\"},\"image\":{\"@id\":\"https:\\\/\\\/www.herranydiez.com\\\/en\\\/pastas-y-discos-para-pulir\\\/pastes\\\/solid-pastes\\\/solid-cutting-paste-grauer-k\\\/#primaryimage\"},\"thumbnailUrl\":\"https:\\\/\\\/www.herranydiez.com\\\/wp-content\\\/uploads\\\/2016\\\/05\\\/pasta-solida-grauer-k.jpg\",\"datePublished\":\"2016-05-12T22:37:07+00:00\",\"dateModified\":\"2024-08-05T15:34:11+00:00\",\"breadcrumb\":{\"@id\":\"https:\\\/\\\/www.herranydiez.com\\\/en\\\/pastas-y-discos-para-pulir\\\/pastes\\\/solid-pastes\\\/solid-cutting-paste-grauer-k\\\/#breadcrumb\"},\"inLanguage\":\"en-US\",\"potentialAction\":[{\"@type\":\"ReadAction\",\"target\":[\"https:\\\/\\\/www.herranydiez.com\\\/en\\\/pastas-y-discos-para-pulir\\\/pastes\\\/solid-pastes\\\/solid-cutting-paste-grauer-k\\\/\"]}]},{\"@type\":\"ImageObject\",\"inLanguage\":\"en-US\",\"@id\":\"https:\\\/\\\/www.herranydiez.com\\\/en\\\/pastas-y-discos-para-pulir\\\/pastes\\\/solid-pastes\\\/solid-cutting-paste-grauer-k\\\/#primaryimage\",\"url\":\"https:\\\/\\\/www.herranydiez.com\\\/wp-content\\\/uploads\\\/2016\\\/05\\\/pasta-solida-grauer-k.jpg\",\"contentUrl\":\"https:\\\/\\\/www.herranydiez.com\\\/wp-content\\\/uploads\\\/2016\\\/05\\\/pasta-solida-grauer-k.jpg\",\"width\":640,\"height\":480,\"caption\":\"Pasta solida Grauer K\"},{\"@type\":\"BreadcrumbList\",\"@id\":\"https:\\\/\\\/www.herranydiez.com\\\/en\\\/pastas-y-discos-para-pulir\\\/pastes\\\/solid-pastes\\\/solid-cutting-paste-grauer-k\\\/#breadcrumb\",\"itemListElement\":[{\"@type\":\"ListItem\",\"position\":1,\"name\":\"Portada\",\"item\":\"https:\\\/\\\/www.herranydiez.com\\\/en\\\/\"},{\"@type\":\"ListItem\",\"position\":2,\"name\":\"Pastes and polisishing discs\",\"item\":\"https:\\\/\\\/www.herranydiez.com\\\/en\\\/pastes-and-polisishing-discs\\\/\"},{\"@type\":\"ListItem\",\"position\":3,\"name\":\"Solid Cutting Paste Grauer K\"}]},{\"@type\":\"WebSite\",\"@id\":\"https:\\\/\\\/www.herranydiez.com\\\/en\\\/#website\",\"url\":\"https:\\\/\\\/www.herranydiez.com\\\/en\\\/\",\"name\":\"Tierras Industriales HERRAN Y DIEZ\",\"description\":\"Especialistas en fabricaci\u00f3n de minerales abrasivos, discos de pulir y pastas para pulir y abrillantar. \u00danico fabricante europeo de mineral de Tr\u00edpoli.\",\"publisher\":{\"@id\":\"https:\\\/\\\/www.herranydiez.com\\\/en\\\/#organization\"},\"alternateName\":\"European Tr\u00edpoli\",\"potentialAction\":[{\"@type\":\"SearchAction\",\"target\":{\"@type\":\"EntryPoint\",\"urlTemplate\":\"https:\\\/\\\/www.herranydiez.com\\\/en\\\/?s={search_term_string}\"},\"query-input\":{\"@type\":\"PropertyValueSpecification\",\"valueRequired\":true,\"valueName\":\"search_term_string\"}}],\"inLanguage\":\"en-US\"},{\"@type\":\"Organization\",\"@id\":\"https:\\\/\\\/www.herranydiez.com\\\/en\\\/#organization\",\"name\":\"Tierras Industriales HERRAN Y DIEZ\",\"alternateName\":\"Herr\u00e1n y D\u00edez\",\"url\":\"https:\\\/\\\/www.herranydiez.com\\\/en\\\/\",\"logo\":{\"@type\":\"ImageObject\",\"inLanguage\":\"en-US\",\"@id\":\"https:\\\/\\\/www.herranydiez.com\\\/en\\\/#\\\/schema\\\/logo\\\/image\\\/\",\"url\":\"https:\\\/\\\/www.herranydiez.com\\\/wp-content\\\/uploads\\\/2024\\\/06\\\/european-tripoli.jpg\",\"contentUrl\":\"https:\\\/\\\/www.herranydiez.com\\\/wp-content\\\/uploads\\\/2024\\\/06\\\/european-tripoli.jpg\",\"width\":696,\"height\":696,\"caption\":\"Tierras Industriales HERRAN Y DIEZ\"},\"image\":{\"@id\":\"https:\\\/\\\/www.herranydiez.com\\\/en\\\/#\\\/schema\\\/logo\\\/image\\\/\"}}]}<\/script>\n<!-- \/ Yoast SEO plugin. -->","yoast_head_json":{"title":"Solid Cutting Paste Grauer K - Tierras Industriales HERRAN Y DIEZ","robots":{"index":"index","follow":"follow","max-snippet":"max-snippet:-1","max-image-preview":"max-image-preview:large","max-video-preview":"max-video-preview:-1"},"canonical":"https:\/\/www.herranydiez.com\/en\/pastas-y-discos-para-pulir\/pastes\/solid-pastes\/solid-cutting-paste-grauer-k\/","og_locale":"en_US","og_type":"article","og_title":"Solid Cutting Paste Grauer K - Tierras Industriales HERRAN Y DIEZ","og_description":"Solid Cutting Paste Grauer K Polishing for non-ferritic metals and plastic. Very low greasiness paste, with medium cut and good shine.  Recommended for cotton disc with or without impregnation, although sisal disc without impregnation can also be used for greater cut.  Cutting Index: (7) Gloss Index:\u00a0 (6) Grease Index:\u00a0 (5) Aplicaciones:   Aluminium.  Brass, Copper, Bronze, Zinc, Zamac.  Plastics.  Packaging: Carton box with 20 units, weight around 18 Kg.","og_url":"https:\/\/www.herranydiez.com\/en\/pastas-y-discos-para-pulir\/pastes\/solid-pastes\/solid-cutting-paste-grauer-k\/","og_site_name":"Tierras Industriales HERRAN Y DIEZ","article_modified_time":"2024-08-05T15:34:11+00:00","og_image":[{"width":640,"height":480,"url":"https:\/\/www.herranydiez.com\/wp-content\/uploads\/2016\/05\/pasta-solida-grauer-k.jpg","type":"image\/jpeg"}],"twitter_card":"summary_large_image","schema":{"@context":"https:\/\/schema.org","@graph":[{"@type":"WebPage","@id":"https:\/\/www.herranydiez.com\/en\/pastas-y-discos-para-pulir\/pastes\/solid-pastes\/solid-cutting-paste-grauer-k\/","url":"https:\/\/www.herranydiez.com\/en\/pastas-y-discos-para-pulir\/pastes\/solid-pastes\/solid-cutting-paste-grauer-k\/","name":"Solid Cutting Paste Grauer K - Tierras Industriales HERRAN Y DIEZ","isPartOf":{"@id":"https:\/\/www.herranydiez.com\/en\/#website"},"primaryImageOfPage":{"@id":"https:\/\/www.herranydiez.com\/en\/pastas-y-discos-para-pulir\/pastes\/solid-pastes\/solid-cutting-paste-grauer-k\/#primaryimage"},"image":{"@id":"https:\/\/www.herranydiez.com\/en\/pastas-y-discos-para-pulir\/pastes\/solid-pastes\/solid-cutting-paste-grauer-k\/#primaryimage"},"thumbnailUrl":"https:\/\/www.herranydiez.com\/wp-content\/uploads\/2016\/05\/pasta-solida-grauer-k.jpg","datePublished":"2016-05-12T22:37:07+00:00","dateModified":"2024-08-05T15:34:11+00:00","breadcrumb":{"@id":"https:\/\/www.herranydiez.com\/en\/pastas-y-discos-para-pulir\/pastes\/solid-pastes\/solid-cutting-paste-grauer-k\/#breadcrumb"},"inLanguage":"en-US","potentialAction":[{"@type":"ReadAction","target":["https:\/\/www.herranydiez.com\/en\/pastas-y-discos-para-pulir\/pastes\/solid-pastes\/solid-cutting-paste-grauer-k\/"]}]},{"@type":"ImageObject","inLanguage":"en-US","@id":"https:\/\/www.herranydiez.com\/en\/pastas-y-discos-para-pulir\/pastes\/solid-pastes\/solid-cutting-paste-grauer-k\/#primaryimage","url":"https:\/\/www.herranydiez.com\/wp-content\/uploads\/2016\/05\/pasta-solida-grauer-k.jpg","contentUrl":"https:\/\/www.herranydiez.com\/wp-content\/uploads\/2016\/05\/pasta-solida-grauer-k.jpg","width":640,"height":480,"caption":"Pasta solida Grauer K"},{"@type":"BreadcrumbList","@id":"https:\/\/www.herranydiez.com\/en\/pastas-y-discos-para-pulir\/pastes\/solid-pastes\/solid-cutting-paste-grauer-k\/#breadcrumb","itemListElement":[{"@type":"ListItem","position":1,"name":"Portada","item":"https:\/\/www.herranydiez.com\/en\/"},{"@type":"ListItem","position":2,"name":"Pastes and polisishing discs","item":"https:\/\/www.herranydiez.com\/en\/pastes-and-polisishing-discs\/"},{"@type":"ListItem","position":3,"name":"Solid Cutting Paste Grauer K"}]},{"@type":"WebSite","@id":"https:\/\/www.herranydiez.com\/en\/#website","url":"https:\/\/www.herranydiez.com\/en\/","name":"Tierras Industriales HERRAN Y DIEZ","description":"Especialistas en fabricaci\u00f3n de minerales abrasivos, discos de pulir y pastas para pulir y abrillantar. \u00danico fabricante europeo de mineral de Tr\u00edpoli.","publisher":{"@id":"https:\/\/www.herranydiez.com\/en\/#organization"},"alternateName":"European Tr\u00edpoli","potentialAction":[{"@type":"SearchAction","target":{"@type":"EntryPoint","urlTemplate":"https:\/\/www.herranydiez.com\/en\/?s={search_term_string}"},"query-input":{"@type":"PropertyValueSpecification","valueRequired":true,"valueName":"search_term_string"}}],"inLanguage":"en-US"},{"@type":"Organization","@id":"https:\/\/www.herranydiez.com\/en\/#organization","name":"Tierras Industriales HERRAN Y DIEZ","alternateName":"Herr\u00e1n y D\u00edez","url":"https:\/\/www.herranydiez.com\/en\/","logo":{"@type":"ImageObject","inLanguage":"en-US","@id":"https:\/\/www.herranydiez.com\/en\/#\/schema\/logo\/image\/","url":"https:\/\/www.herranydiez.com\/wp-content\/uploads\/2024\/06\/european-tripoli.jpg","contentUrl":"https:\/\/www.herranydiez.com\/wp-content\/uploads\/2024\/06\/european-tripoli.jpg","width":696,"height":696,"caption":"Tierras Industriales HERRAN Y DIEZ"},"image":{"@id":"https:\/\/www.herranydiez.com\/en\/#\/schema\/logo\/image\/"}}]}},"_links":{"self":[{"href":"https:\/\/www.herranydiez.com\/en\/wp-json\/wp\/v2\/product\/16382","targetHints":{"allow":["GET"]}}],"collection":[{"href":"https:\/\/www.herranydiez.com\/en\/wp-json\/wp\/v2\/product"}],"about":[{"href":"https:\/\/www.herranydiez.com\/en\/wp-json\/wp\/v2\/types\/product"}],"wp:featuredmedia":[{"embeddable":true,"href":"https:\/\/www.herranydiez.com\/en\/wp-json\/wp\/v2\/media\/16132"}],"wp:attachment":[{"href":"https:\/\/www.herranydiez.com\/en\/wp-json\/wp\/v2\/media?parent=16382"}],"wp:term":[{"taxonomy":"product_brand","embeddable":true,"href":"https:\/\/www.herranydiez.com\/en\/wp-json\/wp\/v2\/product_brand?post=16382"},{"taxonomy":"product_cat","embeddable":true,"href":"https:\/\/www.herranydiez.com\/en\/wp-json\/wp\/v2\/product_cat?post=16382"},{"taxonomy":"product_tag","embeddable":true,"href":"https:\/\/www.herranydiez.com\/en\/wp-json\/wp\/v2\/product_tag?post=16382"}],"curies":[{"name":"wp","href":"https:\/\/api.w.org\/{rel}","templated":true}]}}