{"id":16370,"date":"2016-05-13T01:24:18","date_gmt":"2016-05-12T23:24:18","guid":{"rendered":"https:\/\/www.herranydiez.com\/?post_type=product&#038;p=16370"},"modified":"2024-08-02T17:41:23","modified_gmt":"2024-08-02T15:41:23","slug":"liquid-cutting-paste-1600-cd","status":"publish","type":"product","link":"https:\/\/www.herranydiez.com\/en\/pastas-y-discos-para-pulir\/pastes\/liquid-pastes\/liquid-cutting-paste-1600-cd\/","title":{"rendered":"Liquid Cutting Paste 1600 CD"},"content":{"rendered":"","protected":false},"excerpt":{"rendered":"<h2>Liquid Cutting Paste 1600 CD<\/h2>\n<p>Strong polishing for all types of metals. It contains a very hard but very fine abrasive, which gives the paste a very strong cut. It leaves the surface of the piece smooth and without roughness.<\/p>\n<p>Since the percentage of grease in the paste is high, the discs are well impregnated and great pressure can be exerted on the piece during polishing.<\/p>\n<p>It is recommended for application on impregnated sisal discs.<\/p>\n<div>Cutting Index: <i class=\"fas fa-star\" style=\"font-size: 14px; color: #ffd700;\"><\/i><i class=\"fas fa-star\" style=\"font-size: 14px; color: #ffd700;\"><\/i><i class=\"fas fa-star\" style=\"font-size: 14px; color: #ffd700;\"><\/i><i class=\"fas fa-star\" style=\"font-size: 14px; color: #ffd700;\"><\/i><i class=\"fas fa-star\" style=\"font-size: 14px; color: #ffd700;\"><\/i> (10)<\/div>\n<div>Brightness Index:\u00a0<i class=\"fas fa-star\" style=\"font-size: 14px; color: #ffd700;\"><\/i><i class=\"fas fa-star-half-alt\" style=\"font-size: 14px; color: #ffd700;\"><\/i><i class=\"far fa-star\" style=\"font-size: 14px; color: #ffd700;\"><\/i><i class=\"far fa-star\" style=\"font-size: 14px; color: #ffd700;\"><\/i><i class=\"far fa-star\" style=\"font-size: 14px; color: #ffd700;\"><\/i> (3)<\/div>\n<div>Grease Index:\u00a0<i class=\"fas fa-star\" style=\"font-size: 14px; color: #ffd700;\"><\/i><i class=\"fas fa-star\" style=\"font-size: 14px; color: #ffd700;\"><\/i><i class=\"fas fa-star\" style=\"font-size: 14px; color: #ffd700;\"><\/i><i class=\"fas fa-star-half-alt\" style=\"font-size: 14px; color: #ffd700;\"><\/i><i class=\"far fa-star\" style=\"font-size: 14px; color: #ffd700;\"><\/i> (7)<\/div>\n<p>&nbsp;<\/p>\n<h3>Applications:<\/h3>\n<ul>\n<li>Aluminium.<\/li>\n<li>Iron, Casting.<\/li>\n<\/ul>\n","protected":false},"featured_media":16167,"template":"","meta":[],"product_brand":[],"product_cat":[104],"product_tag":[],"class_list":{"0":"post-16370","1":"product","2":"type-product","3":"status-publish","4":"has-post-thumbnail","6":"product_cat-liquid-pastes","7":"description-off","9":"first","10":"instock","11":"shipping-taxable","12":"product-type-simple"},"yoast_head":"<!-- This site is optimized with the Yoast SEO plugin v27.5 - https:\/\/yoast.com\/product\/yoast-seo-wordpress\/ -->\n<title>Liquid Cutting Paste 1600 CD - Tierras Industriales HERRAN Y DIEZ<\/title>\n<meta name=\"robots\" content=\"index, follow, max-snippet:-1, max-image-preview:large, max-video-preview:-1\" \/>\n<link rel=\"canonical\" href=\"https:\/\/www.herranydiez.com\/en\/pastas-y-discos-para-pulir\/pastes\/liquid-pastes\/liquid-cutting-paste-1600-cd\/\" \/>\n<meta property=\"og:locale\" content=\"en_US\" \/>\n<meta property=\"og:type\" content=\"article\" \/>\n<meta property=\"og:title\" content=\"Liquid Cutting Paste 1600 CD - Tierras Industriales HERRAN Y DIEZ\" \/>\n<meta property=\"og:description\" content=\"Liquid Cutting Paste 1600 CD Strong polishing for all types of metals. It contains a very hard but very fine abrasive, which gives the paste a very strong cut. It leaves the surface of the piece smooth and without roughness.  Since the percentage of grease in the paste is high, the discs are well impregnated and great pressure can be exerted on the piece during polishing.  It is recommended for application on impregnated sisal discs. Cutting Index: (10) Brightness Index:\u00a0 (3) Grease Index:\u00a0 (7) &nbsp; Applications:   Aluminium.  Iron, Casting.\" \/>\n<meta property=\"og:url\" content=\"https:\/\/www.herranydiez.com\/en\/pastas-y-discos-para-pulir\/pastes\/liquid-pastes\/liquid-cutting-paste-1600-cd\/\" \/>\n<meta property=\"og:site_name\" content=\"Tierras Industriales HERRAN Y DIEZ\" \/>\n<meta property=\"article:modified_time\" content=\"2024-08-02T15:41:23+00:00\" \/>\n<meta property=\"og:image\" content=\"https:\/\/www.herranydiez.com\/wp-content\/uploads\/2020\/06\/pasta-liquida-1600.jpg\" \/>\n\t<meta property=\"og:image:width\" content=\"640\" \/>\n\t<meta property=\"og:image:height\" content=\"480\" \/>\n\t<meta property=\"og:image:type\" content=\"image\/jpeg\" \/>\n<meta name=\"twitter:card\" content=\"summary_large_image\" \/>\n<script type=\"application\/ld+json\" class=\"yoast-schema-graph\">{\"@context\":\"https:\\\/\\\/schema.org\",\"@graph\":[{\"@type\":\"WebPage\",\"@id\":\"https:\\\/\\\/www.herranydiez.com\\\/en\\\/pastas-y-discos-para-pulir\\\/pastes\\\/liquid-pastes\\\/liquid-cutting-paste-1600-cd\\\/\",\"url\":\"https:\\\/\\\/www.herranydiez.com\\\/en\\\/pastas-y-discos-para-pulir\\\/pastes\\\/liquid-pastes\\\/liquid-cutting-paste-1600-cd\\\/\",\"name\":\"Liquid Cutting Paste 1600 CD - Tierras Industriales HERRAN Y DIEZ\",\"isPartOf\":{\"@id\":\"https:\\\/\\\/www.herranydiez.com\\\/en\\\/#website\"},\"primaryImageOfPage\":{\"@id\":\"https:\\\/\\\/www.herranydiez.com\\\/en\\\/pastas-y-discos-para-pulir\\\/pastes\\\/liquid-pastes\\\/liquid-cutting-paste-1600-cd\\\/#primaryimage\"},\"image\":{\"@id\":\"https:\\\/\\\/www.herranydiez.com\\\/en\\\/pastas-y-discos-para-pulir\\\/pastes\\\/liquid-pastes\\\/liquid-cutting-paste-1600-cd\\\/#primaryimage\"},\"thumbnailUrl\":\"https:\\\/\\\/www.herranydiez.com\\\/wp-content\\\/uploads\\\/2020\\\/06\\\/pasta-liquida-1600.jpg\",\"datePublished\":\"2016-05-12T23:24:18+00:00\",\"dateModified\":\"2024-08-02T15:41:23+00:00\",\"breadcrumb\":{\"@id\":\"https:\\\/\\\/www.herranydiez.com\\\/en\\\/pastas-y-discos-para-pulir\\\/pastes\\\/liquid-pastes\\\/liquid-cutting-paste-1600-cd\\\/#breadcrumb\"},\"inLanguage\":\"en-US\",\"potentialAction\":[{\"@type\":\"ReadAction\",\"target\":[\"https:\\\/\\\/www.herranydiez.com\\\/en\\\/pastas-y-discos-para-pulir\\\/pastes\\\/liquid-pastes\\\/liquid-cutting-paste-1600-cd\\\/\"]}]},{\"@type\":\"ImageObject\",\"inLanguage\":\"en-US\",\"@id\":\"https:\\\/\\\/www.herranydiez.com\\\/en\\\/pastas-y-discos-para-pulir\\\/pastes\\\/liquid-pastes\\\/liquid-cutting-paste-1600-cd\\\/#primaryimage\",\"url\":\"https:\\\/\\\/www.herranydiez.com\\\/wp-content\\\/uploads\\\/2020\\\/06\\\/pasta-liquida-1600.jpg\",\"contentUrl\":\"https:\\\/\\\/www.herranydiez.com\\\/wp-content\\\/uploads\\\/2020\\\/06\\\/pasta-liquida-1600.jpg\",\"width\":640,\"height\":480,\"caption\":\"Pasta l\u00edquida 1600\"},{\"@type\":\"BreadcrumbList\",\"@id\":\"https:\\\/\\\/www.herranydiez.com\\\/en\\\/pastas-y-discos-para-pulir\\\/pastes\\\/liquid-pastes\\\/liquid-cutting-paste-1600-cd\\\/#breadcrumb\",\"itemListElement\":[{\"@type\":\"ListItem\",\"position\":1,\"name\":\"Portada\",\"item\":\"https:\\\/\\\/www.herranydiez.com\\\/en\\\/\"},{\"@type\":\"ListItem\",\"position\":2,\"name\":\"Pastes and polisishing discs\",\"item\":\"https:\\\/\\\/www.herranydiez.com\\\/en\\\/pastes-and-polisishing-discs\\\/\"},{\"@type\":\"ListItem\",\"position\":3,\"name\":\"Liquid Cutting Paste 1600 CD\"}]},{\"@type\":\"WebSite\",\"@id\":\"https:\\\/\\\/www.herranydiez.com\\\/en\\\/#website\",\"url\":\"https:\\\/\\\/www.herranydiez.com\\\/en\\\/\",\"name\":\"Tierras Industriales HERRAN Y DIEZ\",\"description\":\"Especialistas en fabricaci\u00f3n de minerales abrasivos, discos de pulir y pastas para pulir y abrillantar. \u00danico fabricante europeo de mineral de Tr\u00edpoli.\",\"publisher\":{\"@id\":\"https:\\\/\\\/www.herranydiez.com\\\/en\\\/#organization\"},\"alternateName\":\"European Tr\u00edpoli\",\"potentialAction\":[{\"@type\":\"SearchAction\",\"target\":{\"@type\":\"EntryPoint\",\"urlTemplate\":\"https:\\\/\\\/www.herranydiez.com\\\/en\\\/?s={search_term_string}\"},\"query-input\":{\"@type\":\"PropertyValueSpecification\",\"valueRequired\":true,\"valueName\":\"search_term_string\"}}],\"inLanguage\":\"en-US\"},{\"@type\":\"Organization\",\"@id\":\"https:\\\/\\\/www.herranydiez.com\\\/en\\\/#organization\",\"name\":\"Tierras Industriales HERRAN Y DIEZ\",\"alternateName\":\"Herr\u00e1n y D\u00edez\",\"url\":\"https:\\\/\\\/www.herranydiez.com\\\/en\\\/\",\"logo\":{\"@type\":\"ImageObject\",\"inLanguage\":\"en-US\",\"@id\":\"https:\\\/\\\/www.herranydiez.com\\\/en\\\/#\\\/schema\\\/logo\\\/image\\\/\",\"url\":\"https:\\\/\\\/www.herranydiez.com\\\/wp-content\\\/uploads\\\/2024\\\/06\\\/european-tripoli.jpg\",\"contentUrl\":\"https:\\\/\\\/www.herranydiez.com\\\/wp-content\\\/uploads\\\/2024\\\/06\\\/european-tripoli.jpg\",\"width\":696,\"height\":696,\"caption\":\"Tierras Industriales HERRAN Y DIEZ\"},\"image\":{\"@id\":\"https:\\\/\\\/www.herranydiez.com\\\/en\\\/#\\\/schema\\\/logo\\\/image\\\/\"}}]}<\/script>\n<!-- \/ Yoast SEO plugin. -->","yoast_head_json":{"title":"Liquid Cutting Paste 1600 CD - Tierras Industriales HERRAN Y DIEZ","robots":{"index":"index","follow":"follow","max-snippet":"max-snippet:-1","max-image-preview":"max-image-preview:large","max-video-preview":"max-video-preview:-1"},"canonical":"https:\/\/www.herranydiez.com\/en\/pastas-y-discos-para-pulir\/pastes\/liquid-pastes\/liquid-cutting-paste-1600-cd\/","og_locale":"en_US","og_type":"article","og_title":"Liquid Cutting Paste 1600 CD - Tierras Industriales HERRAN Y DIEZ","og_description":"Liquid Cutting Paste 1600 CD Strong polishing for all types of metals. It contains a very hard but very fine abrasive, which gives the paste a very strong cut. It leaves the surface of the piece smooth and without roughness.  Since the percentage of grease in the paste is high, the discs are well impregnated and great pressure can be exerted on the piece during polishing.  It is recommended for application on impregnated sisal discs. Cutting Index: (10) Brightness Index:\u00a0 (3) Grease Index:\u00a0 (7) &nbsp; Applications:   Aluminium.  Iron, Casting.","og_url":"https:\/\/www.herranydiez.com\/en\/pastas-y-discos-para-pulir\/pastes\/liquid-pastes\/liquid-cutting-paste-1600-cd\/","og_site_name":"Tierras Industriales HERRAN Y DIEZ","article_modified_time":"2024-08-02T15:41:23+00:00","og_image":[{"width":640,"height":480,"url":"https:\/\/www.herranydiez.com\/wp-content\/uploads\/2020\/06\/pasta-liquida-1600.jpg","type":"image\/jpeg"}],"twitter_card":"summary_large_image","schema":{"@context":"https:\/\/schema.org","@graph":[{"@type":"WebPage","@id":"https:\/\/www.herranydiez.com\/en\/pastas-y-discos-para-pulir\/pastes\/liquid-pastes\/liquid-cutting-paste-1600-cd\/","url":"https:\/\/www.herranydiez.com\/en\/pastas-y-discos-para-pulir\/pastes\/liquid-pastes\/liquid-cutting-paste-1600-cd\/","name":"Liquid Cutting Paste 1600 CD - Tierras Industriales HERRAN Y DIEZ","isPartOf":{"@id":"https:\/\/www.herranydiez.com\/en\/#website"},"primaryImageOfPage":{"@id":"https:\/\/www.herranydiez.com\/en\/pastas-y-discos-para-pulir\/pastes\/liquid-pastes\/liquid-cutting-paste-1600-cd\/#primaryimage"},"image":{"@id":"https:\/\/www.herranydiez.com\/en\/pastas-y-discos-para-pulir\/pastes\/liquid-pastes\/liquid-cutting-paste-1600-cd\/#primaryimage"},"thumbnailUrl":"https:\/\/www.herranydiez.com\/wp-content\/uploads\/2020\/06\/pasta-liquida-1600.jpg","datePublished":"2016-05-12T23:24:18+00:00","dateModified":"2024-08-02T15:41:23+00:00","breadcrumb":{"@id":"https:\/\/www.herranydiez.com\/en\/pastas-y-discos-para-pulir\/pastes\/liquid-pastes\/liquid-cutting-paste-1600-cd\/#breadcrumb"},"inLanguage":"en-US","potentialAction":[{"@type":"ReadAction","target":["https:\/\/www.herranydiez.com\/en\/pastas-y-discos-para-pulir\/pastes\/liquid-pastes\/liquid-cutting-paste-1600-cd\/"]}]},{"@type":"ImageObject","inLanguage":"en-US","@id":"https:\/\/www.herranydiez.com\/en\/pastas-y-discos-para-pulir\/pastes\/liquid-pastes\/liquid-cutting-paste-1600-cd\/#primaryimage","url":"https:\/\/www.herranydiez.com\/wp-content\/uploads\/2020\/06\/pasta-liquida-1600.jpg","contentUrl":"https:\/\/www.herranydiez.com\/wp-content\/uploads\/2020\/06\/pasta-liquida-1600.jpg","width":640,"height":480,"caption":"Pasta l\u00edquida 1600"},{"@type":"BreadcrumbList","@id":"https:\/\/www.herranydiez.com\/en\/pastas-y-discos-para-pulir\/pastes\/liquid-pastes\/liquid-cutting-paste-1600-cd\/#breadcrumb","itemListElement":[{"@type":"ListItem","position":1,"name":"Portada","item":"https:\/\/www.herranydiez.com\/en\/"},{"@type":"ListItem","position":2,"name":"Pastes and polisishing discs","item":"https:\/\/www.herranydiez.com\/en\/pastes-and-polisishing-discs\/"},{"@type":"ListItem","position":3,"name":"Liquid Cutting Paste 1600 CD"}]},{"@type":"WebSite","@id":"https:\/\/www.herranydiez.com\/en\/#website","url":"https:\/\/www.herranydiez.com\/en\/","name":"Tierras Industriales HERRAN Y DIEZ","description":"Especialistas en fabricaci\u00f3n de minerales abrasivos, discos de pulir y pastas para pulir y abrillantar. \u00danico fabricante europeo de mineral de Tr\u00edpoli.","publisher":{"@id":"https:\/\/www.herranydiez.com\/en\/#organization"},"alternateName":"European Tr\u00edpoli","potentialAction":[{"@type":"SearchAction","target":{"@type":"EntryPoint","urlTemplate":"https:\/\/www.herranydiez.com\/en\/?s={search_term_string}"},"query-input":{"@type":"PropertyValueSpecification","valueRequired":true,"valueName":"search_term_string"}}],"inLanguage":"en-US"},{"@type":"Organization","@id":"https:\/\/www.herranydiez.com\/en\/#organization","name":"Tierras Industriales HERRAN Y DIEZ","alternateName":"Herr\u00e1n y D\u00edez","url":"https:\/\/www.herranydiez.com\/en\/","logo":{"@type":"ImageObject","inLanguage":"en-US","@id":"https:\/\/www.herranydiez.com\/en\/#\/schema\/logo\/image\/","url":"https:\/\/www.herranydiez.com\/wp-content\/uploads\/2024\/06\/european-tripoli.jpg","contentUrl":"https:\/\/www.herranydiez.com\/wp-content\/uploads\/2024\/06\/european-tripoli.jpg","width":696,"height":696,"caption":"Tierras Industriales HERRAN Y DIEZ"},"image":{"@id":"https:\/\/www.herranydiez.com\/en\/#\/schema\/logo\/image\/"}}]}},"_links":{"self":[{"href":"https:\/\/www.herranydiez.com\/en\/wp-json\/wp\/v2\/product\/16370","targetHints":{"allow":["GET"]}}],"collection":[{"href":"https:\/\/www.herranydiez.com\/en\/wp-json\/wp\/v2\/product"}],"about":[{"href":"https:\/\/www.herranydiez.com\/en\/wp-json\/wp\/v2\/types\/product"}],"wp:featuredmedia":[{"embeddable":true,"href":"https:\/\/www.herranydiez.com\/en\/wp-json\/wp\/v2\/media\/16167"}],"wp:attachment":[{"href":"https:\/\/www.herranydiez.com\/en\/wp-json\/wp\/v2\/media?parent=16370"}],"wp:term":[{"taxonomy":"product_brand","embeddable":true,"href":"https:\/\/www.herranydiez.com\/en\/wp-json\/wp\/v2\/product_brand?post=16370"},{"taxonomy":"product_cat","embeddable":true,"href":"https:\/\/www.herranydiez.com\/en\/wp-json\/wp\/v2\/product_cat?post=16370"},{"taxonomy":"product_tag","embeddable":true,"href":"https:\/\/www.herranydiez.com\/en\/wp-json\/wp\/v2\/product_tag?post=16370"}],"curies":[{"name":"wp","href":"https:\/\/api.w.org\/{rel}","templated":true}]}}