{"id":16360,"date":"2020-06-15T21:02:27","date_gmt":"2020-06-15T19:02:27","guid":{"rendered":"https:\/\/www.herranydiez.com\/?post_type=product&#038;p=16360"},"modified":"2024-08-02T16:01:17","modified_gmt":"2024-08-02T14:01:17","slug":"liquid-polishing-paste-5981-cd","status":"publish","type":"product","link":"https:\/\/www.herranydiez.com\/en\/pastas-y-discos-para-pulir\/pastes\/liquid-pastes\/liquid-polishing-paste-5981-cd\/","title":{"rendered":"Liquid Polishing Paste 5981 CD"},"content":{"rendered":"","protected":false},"excerpt":{"rendered":"<h2>Liquid Polishing Paste 5981 CD<\/h2>\n<p>Shine paste for automatic metal sheet polishing processes. Due to its high viscosity, it provides good grip to the disc, resulting in high performance.<\/p>\n<p>Recommended for application with a cotton disk and a booster pump.<\/p>\n<div>Cutting Index: <i class=\"fas fa-star\" style=\"font-size: 14px; color: #ffd700;\"><\/i><i class=\"fas fa-star-half-alt\" style=\"font-size: 14px; color: #ffd700;\"><\/i><i class=\"far fa-star\" style=\"font-size: 14px; color: #ffd700;\"><\/i><i class=\"far fa-star\" style=\"font-size: 14px; color: #ffd700;\"><\/i><i class=\"far fa-star\" style=\"font-size: 14px; color: #ffd700;\"><\/i> (2)<\/div>\n<div>Brightness Index:\u00a0<i class=\"fas fa-star\" style=\"font-size: 14px; color: #ffd700;\"><\/i><i class=\"fas fa-star\" style=\"font-size: 14px; color: #ffd700;\"><\/i><i class=\"fas fa-star\" style=\"font-size: 14px; color: #ffd700;\"><\/i><i class=\"fas fa-star\" style=\"font-size: 14px; color: #ffd700;\"><\/i><i class=\"far fa-star\" style=\"font-size: 14px; color: #ffd700;\"><\/i> (8)<\/div>\n<div>Fat Index:\u00a0<i class=\"fas fa-star\" style=\"font-size: 14px; color: #ffd700;\"><\/i><i class=\"fas fa-star-half-alt\" style=\"font-size: 14px; color: #ffd700;\"><\/i><i class=\"far fa-star\" style=\"font-size: 14px; color: #ffd700;\"><\/i><i class=\"far fa-star\" style=\"font-size: 14px; color: #ffd700;\"><\/i><i class=\"far fa-star\" style=\"font-size: 14px; color: #ffd700;\"><\/i> (3)<\/div>\n<p>&nbsp;<\/p>\n<h4>Applications:<\/h4>\n<ul>\n<li>Aluminum.<\/li>\n<li>Stainless Steel.<\/li>\n<li>Iron, Casting.<\/li>\n<li>Brass, Copper, Bronze, Zinc, Zamak.<\/li>\n<li>Nickel and Chromium.<\/li>\n<\/ul>\n","protected":false},"featured_media":16170,"template":"","meta":[],"product_brand":[],"product_cat":[104],"product_tag":[],"class_list":{"0":"post-16360","1":"product","2":"type-product","3":"status-publish","4":"has-post-thumbnail","6":"product_cat-liquid-pastes","7":"description-off","9":"first","10":"instock","11":"featured","12":"shipping-taxable","13":"product-type-simple"},"yoast_head":"<!-- This site is optimized with the Yoast SEO plugin v27.5 - https:\/\/yoast.com\/product\/yoast-seo-wordpress\/ -->\n<title>Liquid Polishing Paste 5981 CD - Tierras Industriales HERRAN Y DIEZ<\/title>\n<meta name=\"robots\" content=\"index, follow, max-snippet:-1, max-image-preview:large, max-video-preview:-1\" \/>\n<link rel=\"canonical\" href=\"https:\/\/www.herranydiez.com\/en\/pastas-y-discos-para-pulir\/pastes\/liquid-pastes\/liquid-polishing-paste-5981-cd\/\" \/>\n<meta property=\"og:locale\" content=\"en_US\" \/>\n<meta property=\"og:type\" content=\"article\" \/>\n<meta property=\"og:title\" content=\"Liquid Polishing Paste 5981 CD - Tierras Industriales HERRAN Y DIEZ\" \/>\n<meta property=\"og:description\" content=\"Liquid Polishing Paste 5981 CD Shine paste for automatic metal sheet polishing processes. Due to its high viscosity, it provides good grip to the disc, resulting in high performance.  Recommended for application with a cotton disk and a booster pump. Cutting Index: (2) Brightness Index:\u00a0 (8) Fat Index:\u00a0 (3) &nbsp; Applications:   Aluminum.  Stainless Steel.  Iron, Casting.  Brass, Copper, Bronze, Zinc, Zamak.  Nickel and Chromium.\" \/>\n<meta property=\"og:url\" content=\"https:\/\/www.herranydiez.com\/en\/pastas-y-discos-para-pulir\/pastes\/liquid-pastes\/liquid-polishing-paste-5981-cd\/\" \/>\n<meta property=\"og:site_name\" content=\"Tierras Industriales HERRAN Y DIEZ\" \/>\n<meta property=\"article:modified_time\" content=\"2024-08-02T14:01:17+00:00\" \/>\n<meta property=\"og:image\" content=\"https:\/\/www.herranydiez.com\/wp-content\/uploads\/2020\/06\/Pasta-liquidas-blancas.jpg\" \/>\n\t<meta property=\"og:image:width\" content=\"640\" \/>\n\t<meta property=\"og:image:height\" content=\"480\" \/>\n\t<meta property=\"og:image:type\" content=\"image\/jpeg\" \/>\n<meta name=\"twitter:card\" content=\"summary_large_image\" \/>\n<script type=\"application\/ld+json\" class=\"yoast-schema-graph\">{\"@context\":\"https:\\\/\\\/schema.org\",\"@graph\":[{\"@type\":\"WebPage\",\"@id\":\"https:\\\/\\\/www.herranydiez.com\\\/en\\\/pastas-y-discos-para-pulir\\\/pastes\\\/liquid-pastes\\\/liquid-polishing-paste-5981-cd\\\/\",\"url\":\"https:\\\/\\\/www.herranydiez.com\\\/en\\\/pastas-y-discos-para-pulir\\\/pastes\\\/liquid-pastes\\\/liquid-polishing-paste-5981-cd\\\/\",\"name\":\"Liquid Polishing Paste 5981 CD - Tierras Industriales HERRAN Y DIEZ\",\"isPartOf\":{\"@id\":\"https:\\\/\\\/www.herranydiez.com\\\/en\\\/#website\"},\"primaryImageOfPage\":{\"@id\":\"https:\\\/\\\/www.herranydiez.com\\\/en\\\/pastas-y-discos-para-pulir\\\/pastes\\\/liquid-pastes\\\/liquid-polishing-paste-5981-cd\\\/#primaryimage\"},\"image\":{\"@id\":\"https:\\\/\\\/www.herranydiez.com\\\/en\\\/pastas-y-discos-para-pulir\\\/pastes\\\/liquid-pastes\\\/liquid-polishing-paste-5981-cd\\\/#primaryimage\"},\"thumbnailUrl\":\"https:\\\/\\\/www.herranydiez.com\\\/wp-content\\\/uploads\\\/2020\\\/06\\\/Pasta-liquidas-blancas.jpg\",\"datePublished\":\"2020-06-15T19:02:27+00:00\",\"dateModified\":\"2024-08-02T14:01:17+00:00\",\"breadcrumb\":{\"@id\":\"https:\\\/\\\/www.herranydiez.com\\\/en\\\/pastas-y-discos-para-pulir\\\/pastes\\\/liquid-pastes\\\/liquid-polishing-paste-5981-cd\\\/#breadcrumb\"},\"inLanguage\":\"en-US\",\"potentialAction\":[{\"@type\":\"ReadAction\",\"target\":[\"https:\\\/\\\/www.herranydiez.com\\\/en\\\/pastas-y-discos-para-pulir\\\/pastes\\\/liquid-pastes\\\/liquid-polishing-paste-5981-cd\\\/\"]}]},{\"@type\":\"ImageObject\",\"inLanguage\":\"en-US\",\"@id\":\"https:\\\/\\\/www.herranydiez.com\\\/en\\\/pastas-y-discos-para-pulir\\\/pastes\\\/liquid-pastes\\\/liquid-polishing-paste-5981-cd\\\/#primaryimage\",\"url\":\"https:\\\/\\\/www.herranydiez.com\\\/wp-content\\\/uploads\\\/2020\\\/06\\\/Pasta-liquidas-blancas.jpg\",\"contentUrl\":\"https:\\\/\\\/www.herranydiez.com\\\/wp-content\\\/uploads\\\/2020\\\/06\\\/Pasta-liquidas-blancas.jpg\",\"width\":640,\"height\":480,\"caption\":\"Pastas l\u00edquidas blancas\"},{\"@type\":\"BreadcrumbList\",\"@id\":\"https:\\\/\\\/www.herranydiez.com\\\/en\\\/pastas-y-discos-para-pulir\\\/pastes\\\/liquid-pastes\\\/liquid-polishing-paste-5981-cd\\\/#breadcrumb\",\"itemListElement\":[{\"@type\":\"ListItem\",\"position\":1,\"name\":\"Portada\",\"item\":\"https:\\\/\\\/www.herranydiez.com\\\/en\\\/\"},{\"@type\":\"ListItem\",\"position\":2,\"name\":\"Pastes and polisishing discs\",\"item\":\"https:\\\/\\\/www.herranydiez.com\\\/en\\\/pastes-and-polisishing-discs\\\/\"},{\"@type\":\"ListItem\",\"position\":3,\"name\":\"Liquid Polishing Paste 5981 CD\"}]},{\"@type\":\"WebSite\",\"@id\":\"https:\\\/\\\/www.herranydiez.com\\\/en\\\/#website\",\"url\":\"https:\\\/\\\/www.herranydiez.com\\\/en\\\/\",\"name\":\"Tierras Industriales HERRAN Y DIEZ\",\"description\":\"Especialistas en fabricaci\u00f3n de minerales abrasivos, discos de pulir y pastas para pulir y abrillantar. \u00danico fabricante europeo de mineral de Tr\u00edpoli.\",\"publisher\":{\"@id\":\"https:\\\/\\\/www.herranydiez.com\\\/en\\\/#organization\"},\"alternateName\":\"European Tr\u00edpoli\",\"potentialAction\":[{\"@type\":\"SearchAction\",\"target\":{\"@type\":\"EntryPoint\",\"urlTemplate\":\"https:\\\/\\\/www.herranydiez.com\\\/en\\\/?s={search_term_string}\"},\"query-input\":{\"@type\":\"PropertyValueSpecification\",\"valueRequired\":true,\"valueName\":\"search_term_string\"}}],\"inLanguage\":\"en-US\"},{\"@type\":\"Organization\",\"@id\":\"https:\\\/\\\/www.herranydiez.com\\\/en\\\/#organization\",\"name\":\"Tierras Industriales HERRAN Y DIEZ\",\"alternateName\":\"Herr\u00e1n y D\u00edez\",\"url\":\"https:\\\/\\\/www.herranydiez.com\\\/en\\\/\",\"logo\":{\"@type\":\"ImageObject\",\"inLanguage\":\"en-US\",\"@id\":\"https:\\\/\\\/www.herranydiez.com\\\/en\\\/#\\\/schema\\\/logo\\\/image\\\/\",\"url\":\"https:\\\/\\\/www.herranydiez.com\\\/wp-content\\\/uploads\\\/2024\\\/06\\\/european-tripoli.jpg\",\"contentUrl\":\"https:\\\/\\\/www.herranydiez.com\\\/wp-content\\\/uploads\\\/2024\\\/06\\\/european-tripoli.jpg\",\"width\":696,\"height\":696,\"caption\":\"Tierras Industriales HERRAN Y DIEZ\"},\"image\":{\"@id\":\"https:\\\/\\\/www.herranydiez.com\\\/en\\\/#\\\/schema\\\/logo\\\/image\\\/\"}}]}<\/script>\n<!-- \/ Yoast SEO plugin. -->","yoast_head_json":{"title":"Liquid Polishing Paste 5981 CD - Tierras Industriales HERRAN Y DIEZ","robots":{"index":"index","follow":"follow","max-snippet":"max-snippet:-1","max-image-preview":"max-image-preview:large","max-video-preview":"max-video-preview:-1"},"canonical":"https:\/\/www.herranydiez.com\/en\/pastas-y-discos-para-pulir\/pastes\/liquid-pastes\/liquid-polishing-paste-5981-cd\/","og_locale":"en_US","og_type":"article","og_title":"Liquid Polishing Paste 5981 CD - Tierras Industriales HERRAN Y DIEZ","og_description":"Liquid Polishing Paste 5981 CD Shine paste for automatic metal sheet polishing processes. Due to its high viscosity, it provides good grip to the disc, resulting in high performance.  Recommended for application with a cotton disk and a booster pump. Cutting Index: (2) Brightness Index:\u00a0 (8) Fat Index:\u00a0 (3) &nbsp; Applications:   Aluminum.  Stainless Steel.  Iron, Casting.  Brass, Copper, Bronze, Zinc, Zamak.  Nickel and Chromium.","og_url":"https:\/\/www.herranydiez.com\/en\/pastas-y-discos-para-pulir\/pastes\/liquid-pastes\/liquid-polishing-paste-5981-cd\/","og_site_name":"Tierras Industriales HERRAN Y DIEZ","article_modified_time":"2024-08-02T14:01:17+00:00","og_image":[{"width":640,"height":480,"url":"https:\/\/www.herranydiez.com\/wp-content\/uploads\/2020\/06\/Pasta-liquidas-blancas.jpg","type":"image\/jpeg"}],"twitter_card":"summary_large_image","schema":{"@context":"https:\/\/schema.org","@graph":[{"@type":"WebPage","@id":"https:\/\/www.herranydiez.com\/en\/pastas-y-discos-para-pulir\/pastes\/liquid-pastes\/liquid-polishing-paste-5981-cd\/","url":"https:\/\/www.herranydiez.com\/en\/pastas-y-discos-para-pulir\/pastes\/liquid-pastes\/liquid-polishing-paste-5981-cd\/","name":"Liquid Polishing Paste 5981 CD - Tierras Industriales HERRAN Y DIEZ","isPartOf":{"@id":"https:\/\/www.herranydiez.com\/en\/#website"},"primaryImageOfPage":{"@id":"https:\/\/www.herranydiez.com\/en\/pastas-y-discos-para-pulir\/pastes\/liquid-pastes\/liquid-polishing-paste-5981-cd\/#primaryimage"},"image":{"@id":"https:\/\/www.herranydiez.com\/en\/pastas-y-discos-para-pulir\/pastes\/liquid-pastes\/liquid-polishing-paste-5981-cd\/#primaryimage"},"thumbnailUrl":"https:\/\/www.herranydiez.com\/wp-content\/uploads\/2020\/06\/Pasta-liquidas-blancas.jpg","datePublished":"2020-06-15T19:02:27+00:00","dateModified":"2024-08-02T14:01:17+00:00","breadcrumb":{"@id":"https:\/\/www.herranydiez.com\/en\/pastas-y-discos-para-pulir\/pastes\/liquid-pastes\/liquid-polishing-paste-5981-cd\/#breadcrumb"},"inLanguage":"en-US","potentialAction":[{"@type":"ReadAction","target":["https:\/\/www.herranydiez.com\/en\/pastas-y-discos-para-pulir\/pastes\/liquid-pastes\/liquid-polishing-paste-5981-cd\/"]}]},{"@type":"ImageObject","inLanguage":"en-US","@id":"https:\/\/www.herranydiez.com\/en\/pastas-y-discos-para-pulir\/pastes\/liquid-pastes\/liquid-polishing-paste-5981-cd\/#primaryimage","url":"https:\/\/www.herranydiez.com\/wp-content\/uploads\/2020\/06\/Pasta-liquidas-blancas.jpg","contentUrl":"https:\/\/www.herranydiez.com\/wp-content\/uploads\/2020\/06\/Pasta-liquidas-blancas.jpg","width":640,"height":480,"caption":"Pastas l\u00edquidas blancas"},{"@type":"BreadcrumbList","@id":"https:\/\/www.herranydiez.com\/en\/pastas-y-discos-para-pulir\/pastes\/liquid-pastes\/liquid-polishing-paste-5981-cd\/#breadcrumb","itemListElement":[{"@type":"ListItem","position":1,"name":"Portada","item":"https:\/\/www.herranydiez.com\/en\/"},{"@type":"ListItem","position":2,"name":"Pastes and polisishing discs","item":"https:\/\/www.herranydiez.com\/en\/pastes-and-polisishing-discs\/"},{"@type":"ListItem","position":3,"name":"Liquid Polishing Paste 5981 CD"}]},{"@type":"WebSite","@id":"https:\/\/www.herranydiez.com\/en\/#website","url":"https:\/\/www.herranydiez.com\/en\/","name":"Tierras Industriales HERRAN Y DIEZ","description":"Especialistas en fabricaci\u00f3n de minerales abrasivos, discos de pulir y pastas para pulir y abrillantar. \u00danico fabricante europeo de mineral de Tr\u00edpoli.","publisher":{"@id":"https:\/\/www.herranydiez.com\/en\/#organization"},"alternateName":"European Tr\u00edpoli","potentialAction":[{"@type":"SearchAction","target":{"@type":"EntryPoint","urlTemplate":"https:\/\/www.herranydiez.com\/en\/?s={search_term_string}"},"query-input":{"@type":"PropertyValueSpecification","valueRequired":true,"valueName":"search_term_string"}}],"inLanguage":"en-US"},{"@type":"Organization","@id":"https:\/\/www.herranydiez.com\/en\/#organization","name":"Tierras Industriales HERRAN Y DIEZ","alternateName":"Herr\u00e1n y D\u00edez","url":"https:\/\/www.herranydiez.com\/en\/","logo":{"@type":"ImageObject","inLanguage":"en-US","@id":"https:\/\/www.herranydiez.com\/en\/#\/schema\/logo\/image\/","url":"https:\/\/www.herranydiez.com\/wp-content\/uploads\/2024\/06\/european-tripoli.jpg","contentUrl":"https:\/\/www.herranydiez.com\/wp-content\/uploads\/2024\/06\/european-tripoli.jpg","width":696,"height":696,"caption":"Tierras Industriales HERRAN Y DIEZ"},"image":{"@id":"https:\/\/www.herranydiez.com\/en\/#\/schema\/logo\/image\/"}}]}},"_links":{"self":[{"href":"https:\/\/www.herranydiez.com\/en\/wp-json\/wp\/v2\/product\/16360","targetHints":{"allow":["GET"]}}],"collection":[{"href":"https:\/\/www.herranydiez.com\/en\/wp-json\/wp\/v2\/product"}],"about":[{"href":"https:\/\/www.herranydiez.com\/en\/wp-json\/wp\/v2\/types\/product"}],"wp:featuredmedia":[{"embeddable":true,"href":"https:\/\/www.herranydiez.com\/en\/wp-json\/wp\/v2\/media\/16170"}],"wp:attachment":[{"href":"https:\/\/www.herranydiez.com\/en\/wp-json\/wp\/v2\/media?parent=16360"}],"wp:term":[{"taxonomy":"product_brand","embeddable":true,"href":"https:\/\/www.herranydiez.com\/en\/wp-json\/wp\/v2\/product_brand?post=16360"},{"taxonomy":"product_cat","embeddable":true,"href":"https:\/\/www.herranydiez.com\/en\/wp-json\/wp\/v2\/product_cat?post=16360"},{"taxonomy":"product_tag","embeddable":true,"href":"https:\/\/www.herranydiez.com\/en\/wp-json\/wp\/v2\/product_tag?post=16360"}],"curies":[{"name":"wp","href":"https:\/\/api.w.org\/{rel}","templated":true}]}}