{"id":16316,"date":"2023-10-18T13:43:22","date_gmt":"2023-10-18T11:43:22","guid":{"rendered":"https:\/\/www.herranydiez.com\/?post_type=product&#038;p=16316"},"modified":"2024-07-22T14:34:00","modified_gmt":"2024-07-22T12:34:00","slug":"aluminas","status":"publish","type":"product","link":"https:\/\/www.herranydiez.com\/en\/pastas-y-discos-para-pulir\/abrasive\/aluminas-en\/aluminas\/","title":{"rendered":"Al\u00faminas"},"content":{"rendered":"<h3><strong>Calcined Aluminas<\/strong><\/h3>\n<p><strong>Logistics Information:<\/strong><br \/>\nPackaging:<\/p>\n<ul>\n<li>Paper sacks weighing 20 Kg.<\/li>\n<li>Pallets of 840, 960 o 1.200 Kg.<\/li>\n<li>Net load of 20-foot container: 19.2 tons. Land transport: 24 tons.<\/li>\n<li>Big Bags of 500 Kg. and 1,000 Kg.<\/li>\n<li>All products are plastic-wrapped and comply with International Trade regulations regarding phytosanitary standards.<\/li>\n<li>We use heat-treated pallets, not fumigated.<\/li>\n<\/ul>\n","protected":false},"excerpt":{"rendered":"<h3><strong>Calcined Aluminas: What Are They? <\/strong><\/h3>\n<p>The low-calcination aluminas we distribute are domestically produced. Their quality standards meet the highest levels and are comparable to those of any other European manufacturer, but at a significantly lower cost primarily due to our competitive and structurally low costs. They are premium-grade alumina oxides that can be used alone or in various formulations for diverse applications.<\/p>\n<p><strong>Applications:<\/strong><\/p>\n<table>\n<tbody>\n<tr>\n<td colspan=\"2\"><strong>Aplicaci\u00f3n<\/strong><\/td>\n<td><strong>Al\u00famina<\/strong><\/td>\n<\/tr>\n<tr>\n<td rowspan=\"3\">\n<div><span class=\"Ninguno\"><b><span lang=\"ES-TRAD\">Cleaning Agents<\/span><\/b><\/span><\/div>\n<\/td>\n<td>\n<div><span class=\"Ninguno\"><span lang=\"ES-TRAD\">Household Cleaners<\/span><\/span><\/div>\n<\/td>\n<td>PSM35 &#8211; PSM<\/td>\n<\/tr>\n<tr>\n<td>\n<div><span class=\"Ninguno\"><span lang=\"ES-TRAD\">Silver Cleaners<\/span><\/span><\/div>\n<\/td>\n<td>PSM27 &#8211; PSM35 &#8211; PSM<\/td>\n<\/tr>\n<tr>\n<td>\n<div><span class=\"Ninguno\"><span lang=\"ES-TRAD\">Stainless Steel Cleaners<\/span><\/span><\/div>\n<\/td>\n<td>PSM &#8211; PSM50<\/td>\n<\/tr>\n<tr>\n<td colspan=\"3\"><\/td>\n<\/tr>\n<tr>\n<td rowspan=\"10\" width=\"93\">\n<div>\n<p class=\"Poromisin\"><span class=\"Ninguno\"><b><span lang=\"ES-TRAD\">Polishing<\/span><\/b><\/span><\/p>\n<\/div>\n<\/td>\n<td>\n<div><span class=\"Ninguno\"><span lang=\"ES-TRAD\">Varnishes and Lacquers: Automotive, Furniture<\/span><\/span><\/div>\n<\/td>\n<td>PSM27 &#8211; PSM35 &#8211; PSM &#8211; PSM50 &#8211; PSM 71<\/td>\n<\/tr>\n<tr>\n<td>\n<div><span class=\"Ninguno\"><span lang=\"ES-TRAD\">Plastic: Lenses, Lighting, Chips, Buttons, Surfboards<\/span><\/span><\/div>\n<\/td>\n<td>PSM27 &#8211; PSM 35 &#8211; PSM<\/td>\n<\/tr>\n<tr>\n<td>\n<div><span class=\"Ninguno\"><span lang=\"ES-TRAD\">Crystal: Watchmaking, Lenses<\/span><\/span><\/div>\n<\/td>\n<td>PSM27 &#8211; PSM35 &#8211; PSM &#8211; PSM50<\/td>\n<\/tr>\n<tr>\n<td>\n<div><span class=\"Ninguno\"><span lang=\"ES-TRAD\">Leather<\/span><\/span><\/div>\n<\/td>\n<td>PSM<\/td>\n<\/tr>\n<tr>\n<td>\n<div><span class=\"Ninguno\"><span lang=\"ES-TRAD\">Timber (wood)<\/span><\/span><\/div>\n<\/td>\n<td>PSM 35 &#8211; PSM &#8211; PSM50 &#8211; PSM71<\/td>\n<\/tr>\n<tr>\n<td>\n<div><span class=\"Ninguno\"><span lang=\"ES-TRAD\">Fine Jewelry and Gemstones<\/span><\/span><\/div>\n<\/td>\n<td>PSM 35 &#8211; PSM &#8211; PSM50 &#8211; PSM71<\/td>\n<\/tr>\n<tr>\n<td>\n<div><span class=\"Ninguno\"><span lang=\"ES-TRAD\">Precious Metals: Gold, Silver<\/span><\/span><\/div>\n<\/td>\n<td>PSM27 &#8211; PSM35 &#8211; PSM &#8211; PSM50<\/td>\n<\/tr>\n<tr>\n<td>\n<div><span class=\"Ninguno\"><span lang=\"ES-TRAD\">Non-ferrous Metals: Aluminum, Bronze, Brass<\/span><\/span><\/div>\n<\/td>\n<td>PSM 35 &#8211; PSM &#8211; PSM50 &#8211; PSM71<\/td>\n<\/tr>\n<tr>\n<td>\n<div><span class=\"Ninguno\"><span lang=\"ES-TRAD\">Iron, Stainless Steel, Chromium<\/span><\/span><\/div>\n<\/td>\n<td>PSM 35 &#8211; PSM &#8211; PSM50 &#8211; PSM71 &#8211; PSM91<\/td>\n<\/tr>\n<tr>\n<td>\n<div><span class=\"Ninguno\"><span lang=\"ES-TRAD\">Stones: Marble and Granite<\/span><\/span><\/div>\n<\/td>\n<td>PSM 35 &#8211; PSM &#8211; PSM50 &#8211; PSM71 &#8211; PSM91<\/td>\n<\/tr>\n<tr>\n<td colspan=\"3\"><\/td>\n<\/tr>\n<tr>\n<td rowspan=\"2\" width=\"93\"><strong>Ceramics<\/strong><\/td>\n<td>\n<div><span class=\"Ninguno\"><span lang=\"ES-TRAD\">Technical Ceramics, Electronics, Electrical Insulators<\/span><\/span><\/div>\n<\/td>\n<td rowspan=\"2\">PSM 35 &#8211; PSM &#8211; PSM50 &#8211; PSM71 &#8211; PSM91<\/td>\n<\/tr>\n<tr>\n<td>\n<div><span class=\"Ninguno\"><span lang=\"ES-TRAD\">Filters, Porcelain, Sanitary Ware, Tiles, Frits, Enamels<\/span><\/span><\/div>\n<\/td>\n<\/tr>\n<tr>\n<td colspan=\"3\"><\/td>\n<\/tr>\n<tr>\n<td width=\"93\">\n<div><span class=\"Ninguno\"><b><span lang=\"ES-TRAD\">Break Systmens<\/span><\/b><\/span><\/div>\n<\/td>\n<td>\n<div><span class=\"Ninguno\"><span lang=\"ES-TRAD\">Automobile, Truck, and Railway<\/span><\/span><\/div>\n<\/td>\n<td>PSM 71 &amp; PSM 91<\/td>\n<\/tr>\n<\/tbody>\n<\/table>\n<p>&nbsp;<\/p>\n<blockquote><p>These are the main applications. For additional information, please <a href=\"https:\/\/www.herranydiez.com\/en\/unique-tripoli-manufacturer-in-europe\/\">contact us.<\/a><\/p><\/blockquote>\n","protected":false},"featured_media":16211,"template":"","meta":[],"product_brand":[],"product_cat":[91,92],"product_tag":[],"class_list":{"0":"post-16316","1":"product","2":"type-product","3":"status-publish","4":"has-post-thumbnail","6":"product_cat-abrasive","7":"product_cat-aluminas-en","8":"description-off","10":"first","11":"instock","12":"shipping-taxable","13":"product-type-simple"},"yoast_head":"<!-- This site is optimized with the Yoast SEO plugin v27.5 - https:\/\/yoast.com\/product\/yoast-seo-wordpress\/ -->\n<title>Al\u00faminas - Tierras Industriales HERRAN Y DIEZ<\/title>\n<meta name=\"robots\" content=\"index, follow, max-snippet:-1, max-image-preview:large, max-video-preview:-1\" \/>\n<link rel=\"canonical\" href=\"https:\/\/www.herranydiez.com\/en\/pastas-y-discos-para-pulir\/abrasive\/aluminas-en\/aluminas\/\" \/>\n<meta property=\"og:locale\" content=\"en_US\" \/>\n<meta property=\"og:type\" content=\"article\" \/>\n<meta property=\"og:title\" content=\"Al\u00faminas - Tierras Industriales HERRAN Y DIEZ\" \/>\n<meta property=\"og:description\" content=\"Calcined Aluminas: What Are They?  The low-calcination aluminas we distribute are domestically produced. Their quality standards meet the highest levels and are comparable to those of any other European manufacturer, but at a significantly lower cost primarily due to our competitive and structurally low costs. They are premium-grade alumina oxides that can be used alone or in various formulations for diverse applications.  Applications:    Aplicaci\u00f3n Al\u00famina    Cleaning Agents  Household Cleaners PSM35 - PSM    Silver Cleaners PSM27 - PSM35 - PSM    Stainless Steel Cleaners PSM - PSM50        Polishing    Varnishes and Lacquers: Automotive, Furniture PSM27 - PSM35 - PSM - PSM50 - PSM 71    Plastic: Lenses, Lighting, Chips, Buttons, Surfboards PSM27 - PSM 35 - PSM    Crystal: Watchmaking, Lenses PSM27 - PSM35 - PSM - PSM50    Leather PSM    Timber (wood) PSM 35 - PSM - PSM50 - PSM71    Fine Jewelry and Gemstones PSM 35 - PSM - PSM50 - PSM71    Precious Metals: Gold, Silver PSM27 - PSM35 - PSM - PSM50    Non-ferrous Metals: Aluminum, Bronze, Brass PSM 35 - PSM - PSM50 - PSM71    Iron, Stainless Steel, Chromium PSM 35 - PSM - PSM50 - PSM71 - PSM91    Stones: Marble and Granite PSM 35 - PSM - PSM50 - PSM71 - PSM91      Ceramics  Technical Ceramics, Electronics, Electrical Insulators PSM 35 - PSM - PSM50 - PSM71 - PSM91    Filters, Porcelain, Sanitary Ware, Tiles, Frits, Enamels       Break Systmens  Automobile, Truck, and Railway PSM 71 &amp; PSM 91    &nbsp; These are the main applications. For additional information, please contact us.\" \/>\n<meta property=\"og:url\" content=\"https:\/\/www.herranydiez.com\/en\/pastas-y-discos-para-pulir\/abrasive\/aluminas-en\/aluminas\/\" \/>\n<meta property=\"og:site_name\" content=\"Tierras Industriales HERRAN Y DIEZ\" \/>\n<meta property=\"article:modified_time\" content=\"2024-07-22T12:34:00+00:00\" \/>\n<meta property=\"og:image\" content=\"https:\/\/www.herranydiez.com\/wp-content\/uploads\/2023\/10\/aluminas.jpg\" \/>\n\t<meta property=\"og:image:width\" content=\"119\" \/>\n\t<meta property=\"og:image:height\" content=\"91\" \/>\n\t<meta property=\"og:image:type\" content=\"image\/jpeg\" \/>\n<meta name=\"twitter:card\" content=\"summary_large_image\" \/>\n<meta name=\"twitter:label1\" content=\"Est. reading time\" \/>\n\t<meta name=\"twitter:data1\" content=\"1 minute\" \/>\n<script type=\"application\/ld+json\" class=\"yoast-schema-graph\">{\"@context\":\"https:\\\/\\\/schema.org\",\"@graph\":[{\"@type\":\"WebPage\",\"@id\":\"https:\\\/\\\/www.herranydiez.com\\\/en\\\/pastas-y-discos-para-pulir\\\/abrasive\\\/aluminas-en\\\/aluminas\\\/\",\"url\":\"https:\\\/\\\/www.herranydiez.com\\\/en\\\/pastas-y-discos-para-pulir\\\/abrasive\\\/aluminas-en\\\/aluminas\\\/\",\"name\":\"Al\u00faminas - Tierras Industriales HERRAN Y DIEZ\",\"isPartOf\":{\"@id\":\"https:\\\/\\\/www.herranydiez.com\\\/en\\\/#website\"},\"primaryImageOfPage\":{\"@id\":\"https:\\\/\\\/www.herranydiez.com\\\/en\\\/pastas-y-discos-para-pulir\\\/abrasive\\\/aluminas-en\\\/aluminas\\\/#primaryimage\"},\"image\":{\"@id\":\"https:\\\/\\\/www.herranydiez.com\\\/en\\\/pastas-y-discos-para-pulir\\\/abrasive\\\/aluminas-en\\\/aluminas\\\/#primaryimage\"},\"thumbnailUrl\":\"https:\\\/\\\/www.herranydiez.com\\\/wp-content\\\/uploads\\\/2023\\\/10\\\/aluminas.jpg\",\"datePublished\":\"2023-10-18T11:43:22+00:00\",\"dateModified\":\"2024-07-22T12:34:00+00:00\",\"breadcrumb\":{\"@id\":\"https:\\\/\\\/www.herranydiez.com\\\/en\\\/pastas-y-discos-para-pulir\\\/abrasive\\\/aluminas-en\\\/aluminas\\\/#breadcrumb\"},\"inLanguage\":\"en-US\",\"potentialAction\":[{\"@type\":\"ReadAction\",\"target\":[\"https:\\\/\\\/www.herranydiez.com\\\/en\\\/pastas-y-discos-para-pulir\\\/abrasive\\\/aluminas-en\\\/aluminas\\\/\"]}]},{\"@type\":\"ImageObject\",\"inLanguage\":\"en-US\",\"@id\":\"https:\\\/\\\/www.herranydiez.com\\\/en\\\/pastas-y-discos-para-pulir\\\/abrasive\\\/aluminas-en\\\/aluminas\\\/#primaryimage\",\"url\":\"https:\\\/\\\/www.herranydiez.com\\\/wp-content\\\/uploads\\\/2023\\\/10\\\/aluminas.jpg\",\"contentUrl\":\"https:\\\/\\\/www.herranydiez.com\\\/wp-content\\\/uploads\\\/2023\\\/10\\\/aluminas.jpg\",\"width\":119,\"height\":91},{\"@type\":\"BreadcrumbList\",\"@id\":\"https:\\\/\\\/www.herranydiez.com\\\/en\\\/pastas-y-discos-para-pulir\\\/abrasive\\\/aluminas-en\\\/aluminas\\\/#breadcrumb\",\"itemListElement\":[{\"@type\":\"ListItem\",\"position\":1,\"name\":\"Portada\",\"item\":\"https:\\\/\\\/www.herranydiez.com\\\/en\\\/\"},{\"@type\":\"ListItem\",\"position\":2,\"name\":\"Pastes and polisishing discs\",\"item\":\"https:\\\/\\\/www.herranydiez.com\\\/en\\\/pastes-and-polisishing-discs\\\/\"},{\"@type\":\"ListItem\",\"position\":3,\"name\":\"Al\u00faminas\"}]},{\"@type\":\"WebSite\",\"@id\":\"https:\\\/\\\/www.herranydiez.com\\\/en\\\/#website\",\"url\":\"https:\\\/\\\/www.herranydiez.com\\\/en\\\/\",\"name\":\"Tierras Industriales HERRAN Y DIEZ\",\"description\":\"Especialistas en fabricaci\u00f3n de minerales abrasivos, discos de pulir y pastas para pulir y abrillantar. \u00danico fabricante europeo de mineral de Tr\u00edpoli.\",\"publisher\":{\"@id\":\"https:\\\/\\\/www.herranydiez.com\\\/en\\\/#organization\"},\"alternateName\":\"European Tr\u00edpoli\",\"potentialAction\":[{\"@type\":\"SearchAction\",\"target\":{\"@type\":\"EntryPoint\",\"urlTemplate\":\"https:\\\/\\\/www.herranydiez.com\\\/en\\\/?s={search_term_string}\"},\"query-input\":{\"@type\":\"PropertyValueSpecification\",\"valueRequired\":true,\"valueName\":\"search_term_string\"}}],\"inLanguage\":\"en-US\"},{\"@type\":\"Organization\",\"@id\":\"https:\\\/\\\/www.herranydiez.com\\\/en\\\/#organization\",\"name\":\"Tierras Industriales HERRAN Y DIEZ\",\"alternateName\":\"Herr\u00e1n y D\u00edez\",\"url\":\"https:\\\/\\\/www.herranydiez.com\\\/en\\\/\",\"logo\":{\"@type\":\"ImageObject\",\"inLanguage\":\"en-US\",\"@id\":\"https:\\\/\\\/www.herranydiez.com\\\/en\\\/#\\\/schema\\\/logo\\\/image\\\/\",\"url\":\"https:\\\/\\\/www.herranydiez.com\\\/wp-content\\\/uploads\\\/2024\\\/06\\\/european-tripoli.jpg\",\"contentUrl\":\"https:\\\/\\\/www.herranydiez.com\\\/wp-content\\\/uploads\\\/2024\\\/06\\\/european-tripoli.jpg\",\"width\":696,\"height\":696,\"caption\":\"Tierras Industriales HERRAN Y DIEZ\"},\"image\":{\"@id\":\"https:\\\/\\\/www.herranydiez.com\\\/en\\\/#\\\/schema\\\/logo\\\/image\\\/\"}}]}<\/script>\n<!-- \/ Yoast SEO plugin. -->","yoast_head_json":{"title":"Al\u00faminas - Tierras Industriales HERRAN Y DIEZ","robots":{"index":"index","follow":"follow","max-snippet":"max-snippet:-1","max-image-preview":"max-image-preview:large","max-video-preview":"max-video-preview:-1"},"canonical":"https:\/\/www.herranydiez.com\/en\/pastas-y-discos-para-pulir\/abrasive\/aluminas-en\/aluminas\/","og_locale":"en_US","og_type":"article","og_title":"Al\u00faminas - Tierras Industriales HERRAN Y DIEZ","og_description":"Calcined Aluminas: What Are They?  The low-calcination aluminas we distribute are domestically produced. Their quality standards meet the highest levels and are comparable to those of any other European manufacturer, but at a significantly lower cost primarily due to our competitive and structurally low costs. They are premium-grade alumina oxides that can be used alone or in various formulations for diverse applications.  Applications:    Aplicaci\u00f3n Al\u00famina    Cleaning Agents  Household Cleaners PSM35 - PSM    Silver Cleaners PSM27 - PSM35 - PSM    Stainless Steel Cleaners PSM - PSM50        Polishing    Varnishes and Lacquers: Automotive, Furniture PSM27 - PSM35 - PSM - PSM50 - PSM 71    Plastic: Lenses, Lighting, Chips, Buttons, Surfboards PSM27 - PSM 35 - PSM    Crystal: Watchmaking, Lenses PSM27 - PSM35 - PSM - PSM50    Leather PSM    Timber (wood) PSM 35 - PSM - PSM50 - PSM71    Fine Jewelry and Gemstones PSM 35 - PSM - PSM50 - PSM71    Precious Metals: Gold, Silver PSM27 - PSM35 - PSM - PSM50    Non-ferrous Metals: Aluminum, Bronze, Brass PSM 35 - PSM - PSM50 - PSM71    Iron, Stainless Steel, Chromium PSM 35 - PSM - PSM50 - PSM71 - PSM91    Stones: Marble and Granite PSM 35 - PSM - PSM50 - PSM71 - PSM91      Ceramics  Technical Ceramics, Electronics, Electrical Insulators PSM 35 - PSM - PSM50 - PSM71 - PSM91    Filters, Porcelain, Sanitary Ware, Tiles, Frits, Enamels       Break Systmens  Automobile, Truck, and Railway PSM 71 &amp; PSM 91    &nbsp; These are the main applications. For additional information, please contact us.","og_url":"https:\/\/www.herranydiez.com\/en\/pastas-y-discos-para-pulir\/abrasive\/aluminas-en\/aluminas\/","og_site_name":"Tierras Industriales HERRAN Y DIEZ","article_modified_time":"2024-07-22T12:34:00+00:00","og_image":[{"width":119,"height":91,"url":"https:\/\/www.herranydiez.com\/wp-content\/uploads\/2023\/10\/aluminas.jpg","type":"image\/jpeg"}],"twitter_card":"summary_large_image","twitter_misc":{"Est. reading time":"1 minute"},"schema":{"@context":"https:\/\/schema.org","@graph":[{"@type":"WebPage","@id":"https:\/\/www.herranydiez.com\/en\/pastas-y-discos-para-pulir\/abrasive\/aluminas-en\/aluminas\/","url":"https:\/\/www.herranydiez.com\/en\/pastas-y-discos-para-pulir\/abrasive\/aluminas-en\/aluminas\/","name":"Al\u00faminas - Tierras Industriales HERRAN Y DIEZ","isPartOf":{"@id":"https:\/\/www.herranydiez.com\/en\/#website"},"primaryImageOfPage":{"@id":"https:\/\/www.herranydiez.com\/en\/pastas-y-discos-para-pulir\/abrasive\/aluminas-en\/aluminas\/#primaryimage"},"image":{"@id":"https:\/\/www.herranydiez.com\/en\/pastas-y-discos-para-pulir\/abrasive\/aluminas-en\/aluminas\/#primaryimage"},"thumbnailUrl":"https:\/\/www.herranydiez.com\/wp-content\/uploads\/2023\/10\/aluminas.jpg","datePublished":"2023-10-18T11:43:22+00:00","dateModified":"2024-07-22T12:34:00+00:00","breadcrumb":{"@id":"https:\/\/www.herranydiez.com\/en\/pastas-y-discos-para-pulir\/abrasive\/aluminas-en\/aluminas\/#breadcrumb"},"inLanguage":"en-US","potentialAction":[{"@type":"ReadAction","target":["https:\/\/www.herranydiez.com\/en\/pastas-y-discos-para-pulir\/abrasive\/aluminas-en\/aluminas\/"]}]},{"@type":"ImageObject","inLanguage":"en-US","@id":"https:\/\/www.herranydiez.com\/en\/pastas-y-discos-para-pulir\/abrasive\/aluminas-en\/aluminas\/#primaryimage","url":"https:\/\/www.herranydiez.com\/wp-content\/uploads\/2023\/10\/aluminas.jpg","contentUrl":"https:\/\/www.herranydiez.com\/wp-content\/uploads\/2023\/10\/aluminas.jpg","width":119,"height":91},{"@type":"BreadcrumbList","@id":"https:\/\/www.herranydiez.com\/en\/pastas-y-discos-para-pulir\/abrasive\/aluminas-en\/aluminas\/#breadcrumb","itemListElement":[{"@type":"ListItem","position":1,"name":"Portada","item":"https:\/\/www.herranydiez.com\/en\/"},{"@type":"ListItem","position":2,"name":"Pastes and polisishing discs","item":"https:\/\/www.herranydiez.com\/en\/pastes-and-polisishing-discs\/"},{"@type":"ListItem","position":3,"name":"Al\u00faminas"}]},{"@type":"WebSite","@id":"https:\/\/www.herranydiez.com\/en\/#website","url":"https:\/\/www.herranydiez.com\/en\/","name":"Tierras Industriales HERRAN Y DIEZ","description":"Especialistas en fabricaci\u00f3n de minerales abrasivos, discos de pulir y pastas para pulir y abrillantar. \u00danico fabricante europeo de mineral de Tr\u00edpoli.","publisher":{"@id":"https:\/\/www.herranydiez.com\/en\/#organization"},"alternateName":"European Tr\u00edpoli","potentialAction":[{"@type":"SearchAction","target":{"@type":"EntryPoint","urlTemplate":"https:\/\/www.herranydiez.com\/en\/?s={search_term_string}"},"query-input":{"@type":"PropertyValueSpecification","valueRequired":true,"valueName":"search_term_string"}}],"inLanguage":"en-US"},{"@type":"Organization","@id":"https:\/\/www.herranydiez.com\/en\/#organization","name":"Tierras Industriales HERRAN Y DIEZ","alternateName":"Herr\u00e1n y D\u00edez","url":"https:\/\/www.herranydiez.com\/en\/","logo":{"@type":"ImageObject","inLanguage":"en-US","@id":"https:\/\/www.herranydiez.com\/en\/#\/schema\/logo\/image\/","url":"https:\/\/www.herranydiez.com\/wp-content\/uploads\/2024\/06\/european-tripoli.jpg","contentUrl":"https:\/\/www.herranydiez.com\/wp-content\/uploads\/2024\/06\/european-tripoli.jpg","width":696,"height":696,"caption":"Tierras Industriales HERRAN Y DIEZ"},"image":{"@id":"https:\/\/www.herranydiez.com\/en\/#\/schema\/logo\/image\/"}}]}},"_links":{"self":[{"href":"https:\/\/www.herranydiez.com\/en\/wp-json\/wp\/v2\/product\/16316","targetHints":{"allow":["GET"]}}],"collection":[{"href":"https:\/\/www.herranydiez.com\/en\/wp-json\/wp\/v2\/product"}],"about":[{"href":"https:\/\/www.herranydiez.com\/en\/wp-json\/wp\/v2\/types\/product"}],"wp:featuredmedia":[{"embeddable":true,"href":"https:\/\/www.herranydiez.com\/en\/wp-json\/wp\/v2\/media\/16211"}],"wp:attachment":[{"href":"https:\/\/www.herranydiez.com\/en\/wp-json\/wp\/v2\/media?parent=16316"}],"wp:term":[{"taxonomy":"product_brand","embeddable":true,"href":"https:\/\/www.herranydiez.com\/en\/wp-json\/wp\/v2\/product_brand?post=16316"},{"taxonomy":"product_cat","embeddable":true,"href":"https:\/\/www.herranydiez.com\/en\/wp-json\/wp\/v2\/product_cat?post=16316"},{"taxonomy":"product_tag","embeddable":true,"href":"https:\/\/www.herranydiez.com\/en\/wp-json\/wp\/v2\/product_tag?post=16316"}],"curies":[{"name":"wp","href":"https:\/\/api.w.org\/{rel}","templated":true}]}}